{"id":565,"date":"2025-05-14T11:38:40","date_gmt":"2025-05-14T09:38:40","guid":{"rendered":"https:\/\/plot-ex.hr\/?page_id=565"},"modified":"2025-10-31T20:54:54","modified_gmt":"2025-10-31T19:54:54","slug":"plotting-technical-drawings","status":"publish","type":"page","link":"https:\/\/plot-ex.hr\/en\/plotting-technical-drawings\/","title":{"rendered":"Plotting technical drawings"},"content":{"rendered":"<div data-elementor-type=\"wp-page\" data-elementor-id=\"565\" class=\"elementor elementor-565\" data-elementor-post-type=\"page\">\n\t\t\t\t<div class=\"elementor-element elementor-element-ef7a7e4 e-flex e-con-boxed e-con e-parent\" data-id=\"ef7a7e4\" data-element_type=\"container\" data-settings=\"{&quot;background_background&quot;:&quot;classic&quot;}\">\n\t\t\t\t\t<div class=\"e-con-inner\">\n\t\t<div class=\"elementor-element elementor-element-cbea8d5 e-con-full e-flex e-con e-child\" data-id=\"cbea8d5\" data-element_type=\"container\">\n\t\t\t\t<div class=\"elementor-element elementor-element-c7965fc elementor-widget__width-initial elementor-widget elementor-widget-heading\" data-id=\"c7965fc\" data-element_type=\"widget\" data-widget_type=\"heading.default\">\n\t\t\t\t<div class=\"elementor-widget-container\">\n\t\t\t\t\t<h1 class=\"elementor-heading-title elementor-size-default\">Plotting technical drawings<\/h1>\t\t\t\t<\/div>\n\t\t\t\t<\/div>\n\t\t\t\t<div class=\"elementor-element elementor-element-129fd83 elementor-absolute elementor-widget elementor-widget-image\" data-id=\"129fd83\" data-element_type=\"widget\" data-settings=\"{&quot;_position&quot;:&quot;absolute&quot;}\" data-widget_type=\"image.default\">\n\t\t\t\t<div class=\"elementor-widget-container\">\n\t\t\t\t\t\t\t\t\t\t\t\t\t\t\t<img fetchpriority=\"high\" decoding=\"async\" width=\"800\" height=\"503\" src=\"https:\/\/plot-ex.hr\/wp-content\/uploads\/2025\/05\/plot-ex-s.png\" class=\"attachment-large size-large wp-image-469\" alt=\"\" srcset=\"https:\/\/plot-ex.hr\/wp-content\/uploads\/2025\/05\/plot-ex-s.png 884w, https:\/\/plot-ex.hr\/wp-content\/uploads\/2025\/05\/plot-ex-s-300x189.png 300w, https:\/\/plot-ex.hr\/wp-content\/uploads\/2025\/05\/plot-ex-s-768x483.png 768w\" sizes=\"(max-width: 800px) 100vw, 800px\" \/>\t\t\t\t\t\t\t\t\t\t\t\t\t\t\t<\/div>\n\t\t\t\t<\/div>\n\t\t\t\t<\/div>\n\t\t\t\t\t<\/div>\n\t\t\t\t<\/div>\n\t\t<div class=\"elementor-element elementor-element-2552e55 e-flex e-con-boxed e-con e-parent\" data-id=\"2552e55\" data-element_type=\"container\">\n\t\t\t\t\t<div class=\"e-con-inner\">\n\t\t\t\t<div class=\"elementor-element elementor-element-1d8bb5b elementor-widget elementor-widget-text-editor\" data-id=\"1d8bb5b\" data-element_type=\"widget\" data-widget_type=\"text-editor.default\">\n\t\t\t\t<div class=\"elementor-widget-container\">\n\t\t\t\t\t\t\t\t\t<p><span style=\"font-weight: 400;\">We specialize in high-quality printing of technical drawings on 80 g\/m\u00b2 paper, in black and white or color, up to a width of 1117.6 mm. We additionally format the drawings by machine up to 914.4 mm to A3 or A4 formats, using a top-of-the-line German-made machine that precisely, without creasing or folding, assembles each drawing. Before printing, we check whether the drawing is to the correct scale, because we know how important this is in design. For larger formats, we also offer stiffeners that ensure strength and reduce the possibility of damage. If desired, the drawings can be bound in a folder or binder, with or without a guarantor, so that they are immediately ready for stamping, signing and delivery to the investor or to the construction site.<\/span><\/p><p><span style=\"font-weight: 400;\">While you are designing, we take care of all the technical tasks \u2013 from plotting to assembly and packaging. You can send us your designs in PDF format via email (plotprint.ex@gmail.com), USB, external drives or even CD\/DVD. We deliver as soon as possible, and for clients outside the Zagreb and Krapina-Zagorje counties we organize shipping via GLS. For invoices over 70 euros, we cover the shipping costs. Our goal is to have your designs ready quickly, neatly and professionally \u2013 without wasting your valuable time.<\/span><\/p>\t\t\t\t\t\t\t\t<\/div>\n\t\t\t\t<\/div>\n\t\t\t\t\t<\/div>\n\t\t\t\t<\/div>\n\t\t<div class=\"elementor-element elementor-element-56204dc e-flex e-con-boxed e-con e-parent\" data-id=\"56204dc\" data-element_type=\"container\">\n\t\t\t\t\t<div class=\"e-con-inner\">\n\t\t<div class=\"elementor-element elementor-element-a7d36a9 e-con-full e-flex e-con e-child\" data-id=\"a7d36a9\" data-element_type=\"container\" data-settings=\"{&quot;background_background&quot;:&quot;classic&quot;}\">\n\t\t\t\t<div class=\"elementor-element elementor-element-fe8a894 elementor-widget__width-inherit elementor-widget-tablet__width-inherit elementor-widget elementor-widget-heading\" data-id=\"fe8a894\" data-element_type=\"widget\" data-widget_type=\"heading.default\">\n\t\t\t\t<div class=\"elementor-widget-container\">\n\t\t\t\t\t<h3 class=\"elementor-heading-title elementor-size-default\"><span class=\"highlight-underline\">PLOTTING \/ COPYING TECHNICAL DRAWINGS<\/span><\/h3>\t\t\t\t<\/div>\n\t\t\t\t<\/div>\n\t\t\t\t<\/div>\n\t\t\t\t<div class=\"elementor-element elementor-element-fb6b024 elementor-widget elementor-widget-shortcode\" data-id=\"fb6b024\" data-element_type=\"widget\" data-widget_type=\"shortcode.default\">\n\t\t\t\t<div class=\"elementor-widget-container\">\n\t\t\t\t\t\t\t<div class=\"elementor-shortcode\">\n<table id=\"tablepress-6\" class=\"tablepress tablepress-id-6\">\n<thead>\n<tr class=\"row-1\">\n\t<th class=\"column-1\">Color coverage<\/th><th class=\"column-2\">B\/W<\/th><th class=\"column-3\">Unit of measurement<\/th><th class=\"column-4\">In color<\/th>\n<\/tr>\n<\/thead>\n<tbody class=\"row-striping row-hover\">\n<tr class=\"row-2\">\n\t<td class=\"column-1\">Until 20%<\/td><td class=\"column-2\">3.80 \u20ac<\/td><td class=\"column-3\">m\u00b2<\/td><td class=\"column-4\">5.00 \u20ac<\/td>\n<\/tr>\n<tr class=\"row-3\">\n\t<td class=\"column-1\">20% \u2013 50%<\/td><td class=\"column-2\">6.00 \u20ac<\/td><td class=\"column-3\">m\u00b2<\/td><td class=\"column-4\">7.50 \u20ac<\/td>\n<\/tr>\n<tr class=\"row-4\">\n\t<td class=\"column-1\">More than 50%<\/td><td class=\"column-2\">11.00 \u20ac<\/td><td class=\"column-3\">m\u00b2<\/td><td class=\"column-4\">15.00 \u20ac<\/td>\n<\/tr>\n<\/tbody>\n<\/table>\n<!-- #tablepress-6 from cache --><\/div>\n\t\t\t\t\t\t<\/div>\n\t\t\t\t<\/div>\n\t\t\t\t\t<\/div>\n\t\t\t\t<\/div>\n\t\t<div class=\"elementor-element elementor-element-7891203 e-flex e-con-boxed e-con e-parent\" data-id=\"7891203\" data-element_type=\"container\">\n\t\t\t\t\t<div class=\"e-con-inner\">\n\t\t<div class=\"elementor-element elementor-element-a658251 e-con-full e-flex e-con e-child\" data-id=\"a658251\" data-element_type=\"container\">\n\t\t\t\t<div class=\"elementor-element elementor-element-290d87e elementor-widget__width-initial elementor-widget elementor-widget-heading\" data-id=\"290d87e\" data-element_type=\"widget\" data-widget_type=\"heading.default\">\n\t\t\t\t<div class=\"elementor-widget-container\">\n\t\t\t\t\t<h2 class=\"elementor-heading-title elementor-size-default\">Free shipping <span class=\"highlight-underline\">above 70 euros<\/span><\/h2>\t\t\t\t<\/div>\n\t\t\t\t<\/div>\n\t\t\t\t<div class=\"elementor-element elementor-element-ac52524 elementor-widget-tablet__width-initial elementor-widget__width-initial elementor-widget elementor-widget-text-editor\" data-id=\"ac52524\" data-element_type=\"widget\" data-widget_type=\"text-editor.default\">\n\t\t\t\t<div class=\"elementor-widget-container\">\n\t\t\t\t\t\t\t\t\t<p>We deliver ordered drawings and documents quickly and safely to your address, anywhere in the Republic of Croatia. <strong data-start=\"214\" data-end=\"260\">Free shipping for orders above <b>70 euros<\/b>. Also, for orders over 100 euros, delivery is free for the Republic of Slovenia. <\/strong>We pack your materials carefully and send them as soon as possible to ensure accuracy and timeliness of delivery.<br \/><br data-start=\"387\" data-end=\"390\" \/>Working with reliable delivery services ensures that your technical drawings arrive undamaged and ready for use.<\/p>\t\t\t\t\t\t\t\t<\/div>\n\t\t\t\t<\/div>\n\t\t\t\t<div class=\"elementor-element elementor-element-d198cca elementor-widget elementor-widget-button\" data-id=\"d198cca\" data-element_type=\"widget\" data-widget_type=\"button.default\">\n\t\t\t\t<div class=\"elementor-widget-container\">\n\t\t\t\t\t\t\t\t\t<div class=\"elementor-button-wrapper\">\n\t\t\t\t\t<a class=\"elementor-button elementor-button-link elementor-size-sm\" href=\"https:\/\/plot-ex.hr\/en\/price-list-of-services\/\">\n\t\t\t\t\t\t<span class=\"elementor-button-content-wrapper\">\n\t\t\t\t\t\t\t\t\t<span class=\"elementor-button-text\">See the price list<\/span>\n\t\t\t\t\t<\/span>\n\t\t\t\t\t<\/a>\n\t\t\t\t<\/div>\n\t\t\t\t\t\t\t\t<\/div>\n\t\t\t\t<\/div>\n\t\t\t\t<\/div>\n\t\t<div class=\"elementor-element elementor-element-3701da9 e-con-full e-flex e-con e-child\" data-id=\"3701da9\" data-element_type=\"container\">\n\t\t\t\t<div class=\"elementor-element elementor-element-cbdf205 elementor-widget elementor-widget-image\" data-id=\"cbdf205\" data-element_type=\"widget\" data-widget_type=\"image.default\">\n\t\t\t\t<div class=\"elementor-widget-container\">\n\t\t\t\t\t\t\t\t\t\t\t\t\t\t\t<img decoding=\"async\" width=\"457\" height=\"369\" src=\"https:\/\/plot-ex.hr\/wp-content\/uploads\/2025\/05\/plot-ex-dostava-h.png\" class=\"attachment-large size-large wp-image-535\" alt=\"\" srcset=\"https:\/\/plot-ex.hr\/wp-content\/uploads\/2025\/05\/plot-ex-dostava-h.png 457w, https:\/\/plot-ex.hr\/wp-content\/uploads\/2025\/05\/plot-ex-dostava-h-300x242.png 300w\" sizes=\"(max-width: 457px) 100vw, 457px\" \/>\t\t\t\t\t\t\t\t\t\t\t\t\t\t\t<\/div>\n\t\t\t\t<\/div>\n\t\t\t\t<\/div>\n\t\t\t\t\t<\/div>\n\t\t\t\t<\/div>\n\t\t<div class=\"elementor-element elementor-element-5d44c21 e-con-full e-flex e-con e-parent\" data-id=\"5d44c21\" data-element_type=\"container\">\n\t\t<div class=\"elementor-element elementor-element-2577cdb e-con-full e-flex e-con e-child\" data-id=\"2577cdb\" data-element_type=\"container\">\n\t\t<div class=\"elementor-element elementor-element-3b62d28 e-con-full e-flex e-con e-child\" data-id=\"3b62d28\" data-element_type=\"container\">\n\t\t\t\t<div class=\"elementor-element elementor-element-9886fb0 image-shadow elementor-widget elementor-widget-image\" data-id=\"9886fb0\" data-element_type=\"widget\" data-widget_type=\"image.default\">\n\t\t\t\t<div class=\"elementor-widget-container\">\n\t\t\t\t\t\t\t\t\t\t\t\t\t\t\t\t<a href=\"https:\/\/plot-ex.hr\/en\/draft-transfer\/\">\n\t\t\t\t\t\t\t<img decoding=\"async\" width=\"780\" height=\"557\" src=\"https:\/\/plot-ex.hr\/wp-content\/uploads\/2025\/10\/plot-ex-new-app_.png\" class=\"attachment-full size-full wp-image-1073\" alt=\"\" srcset=\"https:\/\/plot-ex.hr\/wp-content\/uploads\/2025\/10\/plot-ex-new-app_.png 780w, https:\/\/plot-ex.hr\/wp-content\/uploads\/2025\/10\/plot-ex-new-app_-300x214.png 300w, https:\/\/plot-ex.hr\/wp-content\/uploads\/2025\/10\/plot-ex-new-app_-768x548.png 768w, https:\/\/plot-ex.hr\/wp-content\/uploads\/2025\/10\/plot-ex-new-app_-18x12.png 18w\" sizes=\"(max-width: 780px) 100vw, 780px\" \/>\t\t\t\t\t\t\t\t<\/a>\n\t\t\t\t\t\t\t\t\t\t\t\t\t\t\t<\/div>\n\t\t\t\t<\/div>\n\t\t\t\t<\/div>\n\t\t<div class=\"elementor-element elementor-element-ceb1fad e-con-full e-flex e-con e-child\" data-id=\"ceb1fad\" data-element_type=\"container\" data-settings=\"{&quot;background_background&quot;:&quot;classic&quot;}\">\n\t\t\t\t<div class=\"elementor-element elementor-element-aebac3f elementor-widget__width-initial elementor-widget elementor-widget-heading\" data-id=\"aebac3f\" data-element_type=\"widget\" data-widget_type=\"heading.default\">\n\t\t\t\t<div class=\"elementor-widget-container\">\n\t\t\t\t\t<h4 class=\"elementor-heading-title elementor-size-default\"><span class=\"highlight-underline\">Send us your designs online<\/span><\/h4>\t\t\t\t<\/div>\n\t\t\t\t<\/div>\n\t\t\t\t<div class=\"elementor-element elementor-element-ab453b9 elementor-widget__width-initial elementor-widget elementor-widget-text-editor\" data-id=\"ab453b9\" data-element_type=\"widget\" data-widget_type=\"text-editor.default\">\n\t\t\t\t<div class=\"elementor-widget-container\">\n\t\t\t\t\t\t\t\t\t<p>You create the ideas \u2013 we print them with the accuracy they deserve. Leave the plotting and layout to us, while you focus on what matters most: designing.<\/p>\t\t\t\t\t\t\t\t<\/div>\n\t\t\t\t<\/div>\n\t\t\t\t<div class=\"elementor-element elementor-element-7e63aaf elementor-widget elementor-widget-button\" data-id=\"7e63aaf\" data-element_type=\"widget\" data-widget_type=\"button.default\">\n\t\t\t\t<div class=\"elementor-widget-container\">\n\t\t\t\t\t\t\t\t\t<div class=\"elementor-button-wrapper\">\n\t\t\t\t\t<a class=\"elementor-button elementor-button-link elementor-size-sm\" href=\"https:\/\/plot-ex.hr\/en\/draft-transfer\/\">\n\t\t\t\t\t\t<span class=\"elementor-button-content-wrapper\">\n\t\t\t\t\t\t\t\t\t<span class=\"elementor-button-text\">Send drafts<\/span>\n\t\t\t\t\t<\/span>\n\t\t\t\t\t<\/a>\n\t\t\t\t<\/div>\n\t\t\t\t\t\t\t\t<\/div>\n\t\t\t\t<\/div>\n\t\t\t\t<\/div>\n\t\t\t\t<\/div>\n\t\t\t\t<\/div>\n\t\t\t\t<\/div>","protected":false},"excerpt":{"rendered":"<p>Specijalizirani smo za visokokvalitetan ispis tehni\u010dkih nacrta na 80 g\/m\u00b2 papiru, u crno-bijeloj ili kolor varijanti, do \u0161irine 1117,6 mm. Nacrte dodatno strojno formatiramo do 914,4 mm na formate A3 ili A4, koriste\u0107i vrhunski stroj njema\u010dke proizvodnje koji precizno, bez gu\u017evanja i savijanja, sla\u017ee svaki nacrt. Prije ispisa provjeravamo je li nacrt u to\u010dnom mjerilu, [&hellip;]<\/p>","protected":false},"author":1,"featured_media":711,"parent":0,"menu_order":0,"comment_status":"closed","ping_status":"closed","template":"elementor_header_footer","meta":{"footnotes":""},"class_list":["post-565","page","type-page","status-publish","has-post-thumbnail","hentry"],"yoast_head":"<!-- This site is optimized with the Yoast SEO plugin v26.8 - https:\/\/yoast.com\/product\/yoast-seo-wordpress\/ -->\n<title>Plotanje tehni\u010dkih nacrta - PLOT-EX<\/title>\n<meta name=\"description\" content=\"Visokokvalitetno plotanje i formatiranje nacrta do 1117 mm, DWG\/PDF. Brza isporuka, mogu\u0107nost slanja GLS-om, uvez i oja\u010diva\u010di po \u017eelji.\" \/>\n<meta name=\"robots\" content=\"index, follow, max-snippet:-1, max-image-preview:large, max-video-preview:-1\" \/>\n<link rel=\"canonical\" href=\"https:\/\/plot-ex.hr\/en\/plotting-technical-drawings\/\" \/>\n<meta property=\"og:locale\" content=\"en_GB\" \/>\n<meta property=\"og:type\" content=\"article\" \/>\n<meta property=\"og:title\" content=\"Plotanje tehni\u010dkih nacrta - PLOT-EX\" \/>\n<meta property=\"og:description\" content=\"Visokokvalitetno plotanje i formatiranje nacrta do 1117 mm, DWG\/PDF. Brza isporuka, mogu\u0107nost slanja GLS-om, uvez i oja\u010diva\u010di po \u017eelji.\" \/>\n<meta property=\"og:url\" content=\"https:\/\/plot-ex.hr\/en\/plotting-technical-drawings\/\" \/>\n<meta property=\"og:site_name\" content=\"PLOT-EX\" \/>\n<meta property=\"article:modified_time\" content=\"2025-10-31T19:54:54+00:00\" \/>\n<meta property=\"og:image\" content=\"https:\/\/plot-ex.hr\/wp-content\/uploads\/2025\/05\/plot-ex-contact-c.jpg\" \/>\n\t<meta property=\"og:image:width\" content=\"1024\" \/>\n\t<meta property=\"og:image:height\" content=\"1024\" \/>\n\t<meta property=\"og:image:type\" content=\"image\/jpeg\" \/>\n<meta name=\"twitter:card\" content=\"summary_large_image\" \/>\n<meta name=\"twitter:label1\" content=\"Estimated reading time\" \/>\n\t<meta name=\"twitter:data1\" content=\"3 minutes\" \/>\n<script type=\"application\/ld+json\" class=\"yoast-schema-graph\">{\"@context\":\"https:\/\/schema.org\",\"@graph\":[{\"@type\":\"WebPage\",\"@id\":\"https:\/\/plot-ex.hr\/plotanje-tehnickih-nacrta\/\",\"url\":\"https:\/\/plot-ex.hr\/plotanje-tehnickih-nacrta\/\",\"name\":\"Plotanje tehni\u010dkih nacrta - PLOT-EX\",\"isPartOf\":{\"@id\":\"https:\/\/plot-ex.hr\/#website\"},\"primaryImageOfPage\":{\"@id\":\"https:\/\/plot-ex.hr\/plotanje-tehnickih-nacrta\/#primaryimage\"},\"image\":{\"@id\":\"https:\/\/plot-ex.hr\/plotanje-tehnickih-nacrta\/#primaryimage\"},\"thumbnailUrl\":\"https:\/\/plot-ex.hr\/wp-content\/uploads\/2025\/05\/plot-ex-contact-c.jpg\",\"datePublished\":\"2025-05-14T09:38:40+00:00\",\"dateModified\":\"2025-10-31T19:54:54+00:00\",\"description\":\"Visokokvalitetno plotanje i formatiranje nacrta do 1117 mm, DWG\/PDF. Brza isporuka, mogu\u0107nost slanja GLS-om, uvez i oja\u010diva\u010di po \u017eelji.\",\"breadcrumb\":{\"@id\":\"https:\/\/plot-ex.hr\/plotanje-tehnickih-nacrta\/#breadcrumb\"},\"inLanguage\":\"en-GB\",\"potentialAction\":[{\"@type\":\"ReadAction\",\"target\":[\"https:\/\/plot-ex.hr\/plotanje-tehnickih-nacrta\/\"]}]},{\"@type\":\"ImageObject\",\"inLanguage\":\"en-GB\",\"@id\":\"https:\/\/plot-ex.hr\/plotanje-tehnickih-nacrta\/#primaryimage\",\"url\":\"https:\/\/plot-ex.hr\/wp-content\/uploads\/2025\/05\/plot-ex-contact-c.jpg\",\"contentUrl\":\"https:\/\/plot-ex.hr\/wp-content\/uploads\/2025\/05\/plot-ex-contact-c.jpg\",\"width\":1024,\"height\":1024},{\"@type\":\"BreadcrumbList\",\"@id\":\"https:\/\/plot-ex.hr\/plotanje-tehnickih-nacrta\/#breadcrumb\",\"itemListElement\":[{\"@type\":\"ListItem\",\"position\":1,\"name\":\"Po\u010detna stranica\",\"item\":\"https:\/\/plot-ex.hr\/\"},{\"@type\":\"ListItem\",\"position\":2,\"name\":\"Plotanje tehni\u010dkih nacrta\"}]},{\"@type\":\"WebSite\",\"@id\":\"https:\/\/plot-ex.hr\/#website\",\"url\":\"https:\/\/plot-ex.hr\/\",\"name\":\"PLOT-EX\",\"description\":\"\",\"publisher\":{\"@id\":\"https:\/\/plot-ex.hr\/#organization\"},\"potentialAction\":[{\"@type\":\"SearchAction\",\"target\":{\"@type\":\"EntryPoint\",\"urlTemplate\":\"https:\/\/plot-ex.hr\/?s={search_term_string}\"},\"query-input\":{\"@type\":\"PropertyValueSpecification\",\"valueRequired\":true,\"valueName\":\"search_term_string\"}}],\"inLanguage\":\"en-GB\"},{\"@type\":\"Organization\",\"@id\":\"https:\/\/plot-ex.hr\/#organization\",\"name\":\"PLOT-EX\",\"url\":\"https:\/\/plot-ex.hr\/\",\"logo\":{\"@type\":\"ImageObject\",\"inLanguage\":\"en-GB\",\"@id\":\"https:\/\/plot-ex.hr\/#\/schema\/logo\/image\/\",\"url\":\"https:\/\/plot-ex.hr\/wp-content\/uploads\/2025\/05\/plot-ex-logo-blue-bg.svg\",\"contentUrl\":\"https:\/\/plot-ex.hr\/wp-content\/uploads\/2025\/05\/plot-ex-logo-blue-bg.svg\",\"caption\":\"PLOT-EX\"},\"image\":{\"@id\":\"https:\/\/plot-ex.hr\/#\/schema\/logo\/image\/\"}}]}<\/script>\n<!-- \/ Yoast SEO plugin. -->","yoast_head_json":{"title":"Plotting technical drawings - PLOT-EX","description":"High-quality plotting and formatting of drawings up to 1117 mm, DWG\/PDF. Fast delivery, possibility of sending by GLS, binding and reinforcements as desired.","robots":{"index":"index","follow":"follow","max-snippet":"max-snippet:-1","max-image-preview":"max-image-preview:large","max-video-preview":"max-video-preview:-1"},"canonical":"https:\/\/plot-ex.hr\/en\/plotting-technical-drawings\/","og_locale":"en_GB","og_type":"article","og_title":"Plotanje tehni\u010dkih nacrta - PLOT-EX","og_description":"Visokokvalitetno plotanje i formatiranje nacrta do 1117 mm, DWG\/PDF. Brza isporuka, mogu\u0107nost slanja GLS-om, uvez i oja\u010diva\u010di po \u017eelji.","og_url":"https:\/\/plot-ex.hr\/en\/plotting-technical-drawings\/","og_site_name":"PLOT-EX","article_modified_time":"2025-10-31T19:54:54+00:00","og_image":[{"width":1024,"height":1024,"url":"https:\/\/plot-ex.hr\/wp-content\/uploads\/2025\/05\/plot-ex-contact-c.jpg","type":"image\/jpeg"}],"twitter_card":"summary_large_image","twitter_misc":{"Estimated reading time":"3 minutes"},"schema":{"@context":"https:\/\/schema.org","@graph":[{"@type":"WebPage","@id":"https:\/\/plot-ex.hr\/plotanje-tehnickih-nacrta\/","url":"https:\/\/plot-ex.hr\/plotanje-tehnickih-nacrta\/","name":"Plotting technical drawings - PLOT-EX","isPartOf":{"@id":"https:\/\/plot-ex.hr\/#website"},"primaryImageOfPage":{"@id":"https:\/\/plot-ex.hr\/plotanje-tehnickih-nacrta\/#primaryimage"},"image":{"@id":"https:\/\/plot-ex.hr\/plotanje-tehnickih-nacrta\/#primaryimage"},"thumbnailUrl":"https:\/\/plot-ex.hr\/wp-content\/uploads\/2025\/05\/plot-ex-contact-c.jpg","datePublished":"2025-05-14T09:38:40+00:00","dateModified":"2025-10-31T19:54:54+00:00","description":"High-quality plotting and formatting of drawings up to 1117 mm, DWG\/PDF. Fast delivery, possibility of sending by GLS, binding and reinforcements as desired.","breadcrumb":{"@id":"https:\/\/plot-ex.hr\/plotanje-tehnickih-nacrta\/#breadcrumb"},"inLanguage":"en-GB","potentialAction":[{"@type":"ReadAction","target":["https:\/\/plot-ex.hr\/plotanje-tehnickih-nacrta\/"]}]},{"@type":"ImageObject","inLanguage":"en-GB","@id":"https:\/\/plot-ex.hr\/plotanje-tehnickih-nacrta\/#primaryimage","url":"https:\/\/plot-ex.hr\/wp-content\/uploads\/2025\/05\/plot-ex-contact-c.jpg","contentUrl":"https:\/\/plot-ex.hr\/wp-content\/uploads\/2025\/05\/plot-ex-contact-c.jpg","width":1024,"height":1024},{"@type":"BreadcrumbList","@id":"https:\/\/plot-ex.hr\/plotanje-tehnickih-nacrta\/#breadcrumb","itemListElement":[{"@type":"ListItem","position":1,"name":"Po\u010detna stranica","item":"https:\/\/plot-ex.hr\/"},{"@type":"ListItem","position":2,"name":"Plotanje tehni\u010dkih nacrta"}]},{"@type":"WebSite","@id":"https:\/\/plot-ex.hr\/#website","url":"https:\/\/plot-ex.hr\/","name":"PLOT-EX","description":"","publisher":{"@id":"https:\/\/plot-ex.hr\/#organization"},"potentialAction":[{"@type":"SearchAction","target":{"@type":"EntryPoint","urlTemplate":"https:\/\/plot-ex.hr\/?s={search_term_string}"},"query-input":{"@type":"PropertyValueSpecification","valueRequired":true,"valueName":"search_term_string"}}],"inLanguage":"en-GB"},{"@type":"Organization","@id":"https:\/\/plot-ex.hr\/#organization","name":"PLOT-EX","url":"https:\/\/plot-ex.hr\/","logo":{"@type":"ImageObject","inLanguage":"en-GB","@id":"https:\/\/plot-ex.hr\/#\/schema\/logo\/image\/","url":"https:\/\/plot-ex.hr\/wp-content\/uploads\/2025\/05\/plot-ex-logo-blue-bg.svg","contentUrl":"https:\/\/plot-ex.hr\/wp-content\/uploads\/2025\/05\/plot-ex-logo-blue-bg.svg","caption":"PLOT-EX"},"image":{"@id":"https:\/\/plot-ex.hr\/#\/schema\/logo\/image\/"}}]}},"_links":{"self":[{"href":"https:\/\/plot-ex.hr\/en\/wp-json\/wp\/v2\/pages\/565","targetHints":{"allow":["GET"]}}],"collection":[{"href":"https:\/\/plot-ex.hr\/en\/wp-json\/wp\/v2\/pages"}],"about":[{"href":"https:\/\/plot-ex.hr\/en\/wp-json\/wp\/v2\/types\/page"}],"author":[{"embeddable":true,"href":"https:\/\/plot-ex.hr\/en\/wp-json\/wp\/v2\/users\/1"}],"replies":[{"embeddable":true,"href":"https:\/\/plot-ex.hr\/en\/wp-json\/wp\/v2\/comments?post=565"}],"version-history":[{"count":70,"href":"https:\/\/plot-ex.hr\/en\/wp-json\/wp\/v2\/pages\/565\/revisions"}],"predecessor-version":[{"id":1076,"href":"https:\/\/plot-ex.hr\/en\/wp-json\/wp\/v2\/pages\/565\/revisions\/1076"}],"wp:featuredmedia":[{"embeddable":true,"href":"https:\/\/plot-ex.hr\/en\/wp-json\/wp\/v2\/media\/711"}],"wp:attachment":[{"href":"https:\/\/plot-ex.hr\/en\/wp-json\/wp\/v2\/media?parent=565"}],"curies":[{"name":"wp","href":"https:\/\/api.w.org\/{rel}","templated":true}]}}