{"id":3,"date":"2025-05-12T13:53:18","date_gmt":"2025-05-12T11:53:18","guid":{"rendered":"https:\/\/plot-ex.hr\/?page_id=3"},"modified":"2025-05-20T16:08:20","modified_gmt":"2025-05-20T14:08:20","slug":"politika-zasebnosti","status":"publish","type":"page","link":"https:\/\/plot-ex.hr\/sl\/politika-zasebnosti\/","title":{"rendered":"Pravilnik o zasebnosti"},"content":{"rendered":"<div data-elementor-type=\"wp-page\" data-elementor-id=\"3\" class=\"elementor elementor-3\" data-elementor-post-type=\"page\">\n\t\t\t\t<div class=\"elementor-element elementor-element-917a0a5 e-flex e-con-boxed e-con e-parent\" data-id=\"917a0a5\" data-element_type=\"container\" data-settings=\"{&quot;background_background&quot;:&quot;classic&quot;}\">\n\t\t\t\t\t<div class=\"e-con-inner\">\n\t\t<div class=\"elementor-element elementor-element-5eda436 e-con-full e-flex e-con e-child\" data-id=\"5eda436\" data-element_type=\"container\">\n\t\t\t\t<div class=\"elementor-element elementor-element-2aefe5c elementor-widget__width-initial elementor-widget elementor-widget-heading\" data-id=\"2aefe5c\" data-element_type=\"widget\" data-widget_type=\"heading.default\">\n\t\t\t\t<div class=\"elementor-widget-container\">\n\t\t\t\t\t<h1 class=\"elementor-heading-title elementor-size-default\">Pravilnik o zasebnosti<\/h1>\t\t\t\t<\/div>\n\t\t\t\t<\/div>\n\t\t\t\t<div class=\"elementor-element elementor-element-e488392 elementor-absolute elementor-widget elementor-widget-image\" data-id=\"e488392\" data-element_type=\"widget\" data-settings=\"{&quot;_position&quot;:&quot;absolute&quot;}\" data-widget_type=\"image.default\">\n\t\t\t\t<div class=\"elementor-widget-container\">\n\t\t\t\t\t\t\t\t\t\t\t\t\t\t\t<img fetchpriority=\"high\" decoding=\"async\" width=\"800\" height=\"503\" src=\"https:\/\/plot-ex.hr\/wp-content\/uploads\/2025\/05\/plot-ex-s.png\" class=\"attachment-large size-large wp-image-469\" alt=\"\" srcset=\"https:\/\/plot-ex.hr\/wp-content\/uploads\/2025\/05\/plot-ex-s.png 884w, https:\/\/plot-ex.hr\/wp-content\/uploads\/2025\/05\/plot-ex-s-300x189.png 300w, https:\/\/plot-ex.hr\/wp-content\/uploads\/2025\/05\/plot-ex-s-768x483.png 768w\" sizes=\"(max-width: 800px) 100vw, 800px\" \/>\t\t\t\t\t\t\t\t\t\t\t\t\t\t\t<\/div>\n\t\t\t\t<\/div>\n\t\t\t\t<\/div>\n\t\t\t\t\t<\/div>\n\t\t\t\t<\/div>\n\t\t<div class=\"elementor-element elementor-element-cd6495e e-flex e-con-boxed e-con e-parent\" data-id=\"cd6495e\" data-element_type=\"container\">\n\t\t\t\t\t<div class=\"e-con-inner\">\n\t\t\t\t<div class=\"elementor-element elementor-element-b63bab4 elementor-widget elementor-widget-text-editor\" data-id=\"b63bab4\" data-element_type=\"widget\" data-widget_type=\"text-editor.default\">\n\t\t\t\t<div class=\"elementor-widget-container\">\n\t\t\t\t\t\t\t\t\t<p class=\"\" data-start=\"408\" data-end=\"563\"><strong data-start=\"408\" data-end=\"446\">Kopirnica in storitve PLOT-EX<\/strong><br data-start=\"446\" data-end=\"449\" \/>Tihomir Belo\u0161evi\u0107<br data-start=\"466\" data-end=\"469\" \/>Grabrovec 5, 49210 Zabok<br data-start=\"493\" data-end=\"496\" \/>OIB\/MB: 97823872<br data-start=\"512\" data-end=\"515\" \/>E-po\u0161ta: <a class=\"cursor-pointer\" rel=\"noopener\" data-start=\"522\" data-end=\"537\">info@plot-ex.hr<\/a><br data-start=\"537\" data-end=\"540\" \/>Telefon: 091\/304-1993<\/p><p class=\"\" data-start=\"565\" data-end=\"607\">Datum zadnje spremembe: 15.05.2025.<\/p>\t\t\t\t\t\t\t\t<\/div>\n\t\t\t\t<\/div>\n\t\t\t\t<div class=\"elementor-element elementor-element-6d7d572 elementor-widget elementor-widget-text-editor\" data-id=\"6d7d572\" data-element_type=\"widget\" data-widget_type=\"text-editor.default\">\n\t\t\t\t<div class=\"elementor-widget-container\">\n\t\t\t\t\t\t\t\t\t<p data-start=\"614\" data-end=\"630\"><strong data-start=\"619\" data-end=\"630\">1. Uvod<\/strong><\/p><p class=\"\" data-start=\"632\" data-end=\"944\">PLOT-EX podjetje za kopiranje in storitve (v nadaljevanju: <em data-start=\"687\" data-end=\"696\">PLOT-EX<\/em>) spo\u0161tuje va\u0161o zasebnost in se zavezuje k varovanju va\u0161ih osebnih podatkov v skladu z veljavno zakonodajo, vklju\u010dno s Splo\u0161no uredbo o varstvu podatkov (GDPR). Ta politika zasebnosti opisuje, katere podatke zbiramo, kako jih uporabljamo in kako jih varujemo.<\/p><p data-start=\"951\" data-end=\"987\"><strong data-start=\"956\" data-end=\"987\">2. Katere podatke zbiramo?<\/strong><\/p><p class=\"\" data-start=\"989\" data-end=\"1072\">Preko na\u0161e spletne strani <strong data-start=\"1013\" data-end=\"1027\">plot-ex.hr<\/strong>, lahko zbiramo naslednje osebne podatke:<\/p><ul data-start=\"1074\" data-end=\"1212\"><li class=\"\" data-start=\"1074\" data-end=\"1107\"><p class=\"\" data-start=\"1076\" data-end=\"1107\">Ime in priimek (\u010de ga navedete)<\/p><\/li><li class=\"\" data-start=\"1108\" data-end=\"1122\"><p class=\"\" data-start=\"1110\" data-end=\"1122\">E-po\u0161tni naslov<\/p><\/li><li class=\"\" data-start=\"1123\" data-end=\"1156\"><p class=\"\" data-start=\"1125\" data-end=\"1156\">Telefonska \u0161tevilka (\u010de jo navedete)<\/p><\/li><li class=\"\" data-start=\"1157\" data-end=\"1212\"><p class=\"\" data-start=\"1159\" data-end=\"1212\">Vsebina sporo\u010dila, ki nam ga po\u0161ljete prek kontaktnega obrazca<\/p><\/li><\/ul><p class=\"\" data-start=\"1214\" data-end=\"1372\">Prav tako lahko samodejno zbiramo osnovne tehni\u010dne podatke, kot so IP-naslov, vrsta brskalnika in operacijski sistem \u2013 za varnostne in statisti\u010dne namene.<\/p><p data-start=\"1379\" data-end=\"1418\"><strong data-start=\"1384\" data-end=\"1418\">3. Metoda zbiranja podatkov<\/strong><\/p><p class=\"\" data-start=\"1420\" data-end=\"1503\">Va\u0161e osebne podatke zbiramo le, \u010de nam jih prostovoljno posredujete prek:<\/p><ul data-start=\"1505\" data-end=\"1571\"><li class=\"\" data-start=\"1505\" data-end=\"1522\"><p class=\"\" data-start=\"1507\" data-end=\"1522\">Kontaktni obrazec<\/p><\/li><li class=\"\" data-start=\"1523\" data-end=\"1571\"><p class=\"\" data-start=\"1525\" data-end=\"1571\">Neposredna komunikacija po e-po\u0161ti ali telefonu<\/p><\/li><\/ul><p data-start=\"1578\" data-end=\"1611\"><strong data-start=\"1583\" data-end=\"1611\">4. Namen obdelave podatkov<\/strong><\/p><p class=\"\" data-start=\"1613\" data-end=\"1652\">Osebne podatke uporabljamo izklju\u010dno za:<\/p><ul data-start=\"1654\" data-end=\"1774\"><li class=\"\" data-start=\"1654\" data-end=\"1691\"><p class=\"\" data-start=\"1656\" data-end=\"1691\">Odgovor na va\u0161e povpra\u0161evanje ali zahtevo<\/p><\/li><li class=\"\" data-start=\"1692\" data-end=\"1734\"><p class=\"\" data-start=\"1694\" data-end=\"1734\">Zagotavljanje zahtevanih informacij ali storitev<\/p><\/li><li class=\"\" data-start=\"1735\" data-end=\"1774\"><p class=\"\" data-start=\"1737\" data-end=\"1774\">Notranje komuniciranje in administracija<\/p><\/li><\/ul><p data-start=\"1781\" data-end=\"1830\"><strong data-start=\"1786\" data-end=\"1830\">5. Deljenje podatkov s tretjimi osebami<\/strong><\/p><p class=\"\" data-start=\"1832\" data-end=\"1999\">Va\u0161i podatki <strong data-start=\"1844\" data-end=\"1878\">ne deli se s tretjimi osebami<\/strong>, razen \u010de je to zakonsko zahtevano ali potrebno za izvedbo storitve, ki ste jo zahtevali (npr. \u010de nas kontaktirate za ponudbo).<\/p><p data-start=\"2006\" data-end=\"2044\"><strong data-start=\"2011\" data-end=\"2044\">6. Shranjevanje in za\u0161\u010dita podatkov<\/strong><\/p><p class=\"\" data-start=\"2046\" data-end=\"2295\">Va\u0161e podatke hranimo le toliko \u010dasa, kolikor je potrebno za izpolnitev namena, za katerega so bili zbrani. Sprejemamo ustrezne tehni\u010dne in organizacijske varnostne ukrepe za prepre\u010devanje nepoobla\u0161\u010denega dostopa, izgube ali zlorabe va\u0161ih podatkov.<\/p><p data-start=\"2302\" data-end=\"2329\"><strong data-start=\"2307\" data-end=\"2329\">7. Pravice uporabnikov<\/strong><\/p><p class=\"\" data-start=\"2331\" data-end=\"2346\">Imate pravico do:<\/p><ul data-start=\"2348\" data-end=\"2523\"><li class=\"\" data-start=\"2348\" data-end=\"2381\"><p class=\"\" data-start=\"2350\" data-end=\"2381\">Dostop do va\u0161ih osebnih podatkov<\/p><\/li><li class=\"\" data-start=\"2382\" data-end=\"2410\"><p class=\"\" data-start=\"2384\" data-end=\"2410\">Popravek napa\u010dnih podatkov<\/p><\/li><li class=\"\" data-start=\"2411\" data-end=\"2458\"><p class=\"\" data-start=\"2413\" data-end=\"2458\">Brisanje va\u0161ih podatkov (\u201cpravica do pozabe\u201d)<\/p><\/li><li class=\"\" data-start=\"2459\" data-end=\"2479\"><p class=\"\" data-start=\"2461\" data-end=\"2479\">Omejitev obdelave<\/p><\/li><li class=\"\" data-start=\"2480\" data-end=\"2500\"><p class=\"\" data-start=\"2482\" data-end=\"2500\">Ugovor obdelavi<\/p><\/li><li class=\"\" data-start=\"2501\" data-end=\"2523\"><p class=\"\" data-start=\"2503\" data-end=\"2523\">Prenosljivost podatkov<\/p><\/li><\/ul><p class=\"\" data-start=\"2525\" data-end=\"2615\">Za uveljavljanje svojih pravic nas lahko kontaktirate po elektronski po\u0161ti na naslovu: <strong data-start=\"2595\" data-end=\"2614\"><a class=\"cursor-pointer\" rel=\"noopener\" data-start=\"2597\" data-end=\"2612\">info@plot-ex.hr<\/a><\/strong>.<\/p><p data-start=\"2622\" data-end=\"2652\"><strong data-start=\"2627\" data-end=\"2652\">8. Pi\u0161kotki<\/strong><\/p><p class=\"\" data-start=\"2654\" data-end=\"2909\">Spletna stran uporablja bistvene pi\u0161kotke, ki so potrebni za njeno delovanje. Z uporabo na\u0161e spletne strani se strinjate z uporabo pi\u0161kotkov. \u010ce bomo uporabili dodatne pi\u0161kotke tretjih oseb (npr. Google Analytics), bo uporabnik o tem obve\u0161\u010den in bo lahko dal svoje soglasje.<\/p><p data-start=\"2916\" data-end=\"2955\"><strong data-start=\"2921\" data-end=\"2955\">9. Povezave do drugih spletnih mest<\/strong><\/p><p class=\"\" data-start=\"2957\" data-end=\"3125\">Na\u0161e spletno mesto lahko vsebuje povezave do drugih spletnih mest. Ne odgovarjamo za vsebino ali politike zasebnosti teh spletnih mest in priporo\u010damo, da jih pregledate posebej.<\/p><p data-start=\"3132\" data-end=\"3172\"><strong data-start=\"3137\" data-end=\"3172\">10. Spremembe politike zasebnosti<\/strong><\/p><p class=\"\" data-start=\"3174\" data-end=\"3333\">Pridr\u017eujemo si pravico, da to politiko zasebnosti kadar koli spremenimo. Posodobljena razli\u010dica z datumom zadnje spremembe bo na voljo na tej strani.<\/p><p class=\"\" data-start=\"3340\" data-end=\"3466\">Za vsa dodatna vpra\u0161anja ali zahteve glede zasebnosti nas kontaktirajte na:<br \/><br data-start=\"3419\" data-end=\"3422\" \/>\ud83d\udce7 <strong data-start=\"3425\" data-end=\"3444\"><a class=\"cursor-pointer\" rel=\"noopener\" data-start=\"3427\" data-end=\"3442\">info@plot-ex.hr<\/a><\/strong><br data-start=\"3444\" data-end=\"3447\" \/>\ud83d\udcde <strong data-start=\"3450\" data-end=\"3466\">091\/304-1993<\/strong><\/p>\t\t\t\t\t\t\t\t<\/div>\n\t\t\t\t<\/div>\n\t\t\t\t\t<\/div>\n\t\t\t\t<\/div>\n\t\t\t\t<\/div>","protected":false},"excerpt":{"rendered":"<p>PLOT-EX obrt za kopiranje i uslugeTihomir Belo\u0161evi\u0107Grabrovec 5, 49210 ZabokOIB\/MB: 97823872Email: info@plot-ex.hrTelefon: 091\/304-1993 Datum zadnje izmjene: 15.05.2025. 1. Uvod PLOT-EX obrt za kopiranje i usluge (u daljnjem tekstu: PLOT-EX) po\u0161tuje va\u0161u privatnost i obvezuje se \u0161tititi va\u0161e osobne podatke u skladu s va\u017ee\u0107im zakonodavstvom, uklju\u010duju\u0107i Op\u0107u uredbu o za\u0161titi podataka (GDPR). Ova pravila privatnosti opisuju [&hellip;]<\/p>","protected":false},"author":1,"featured_media":0,"parent":0,"menu_order":0,"comment_status":"closed","ping_status":"open","template":"elementor_header_footer","meta":{"footnotes":""},"class_list":["post-3","page","type-page","status-publish","hentry"],"yoast_head":"<!-- This site is optimized with the Yoast SEO plugin v26.8 - https:\/\/yoast.com\/product\/yoast-seo-wordpress\/ -->\n<title>Pravila privatnosti - PLOT-EX<\/title>\n<meta name=\"robots\" content=\"index, follow, max-snippet:-1, max-image-preview:large, max-video-preview:-1\" \/>\n<link rel=\"canonical\" href=\"https:\/\/plot-ex.hr\/sl\/politika-zasebnosti\/\" \/>\n<meta property=\"og:locale\" content=\"sl_SI\" \/>\n<meta property=\"og:type\" content=\"article\" \/>\n<meta property=\"og:title\" content=\"Pravila privatnosti - PLOT-EX\" \/>\n<meta property=\"og:description\" content=\"PLOT-EX obrt za kopiranje i uslugeTihomir Belo\u0161evi\u0107Grabrovec 5, 49210 ZabokOIB\/MB: 97823872Email: info@plot-ex.hrTelefon: 091\/304-1993 Datum zadnje izmjene: 15.05.2025. 1. Uvod PLOT-EX obrt za kopiranje i usluge (u daljnjem tekstu: PLOT-EX) po\u0161tuje va\u0161u privatnost i obvezuje se \u0161tititi va\u0161e osobne podatke u skladu s va\u017ee\u0107im zakonodavstvom, uklju\u010duju\u0107i Op\u0107u uredbu o za\u0161titi podataka (GDPR). Ova pravila privatnosti opisuju [&hellip;]\" \/>\n<meta property=\"og:url\" content=\"https:\/\/plot-ex.hr\/sl\/politika-zasebnosti\/\" \/>\n<meta property=\"og:site_name\" content=\"PLOT-EX\" \/>\n<meta property=\"article:modified_time\" content=\"2025-05-20T14:08:20+00:00\" \/>\n<meta property=\"og:image\" content=\"https:\/\/plot-ex.hr\/wp-content\/uploads\/2025\/05\/plot-ex-s.png\" \/>\n\t<meta property=\"og:image:width\" content=\"884\" \/>\n\t<meta property=\"og:image:height\" content=\"556\" \/>\n\t<meta property=\"og:image:type\" content=\"image\/png\" \/>\n<meta name=\"twitter:card\" content=\"summary_large_image\" \/>\n<meta name=\"twitter:label1\" content=\"Est. reading time\" \/>\n\t<meta name=\"twitter:data1\" content=\"3 minute\" \/>\n<script type=\"application\/ld+json\" class=\"yoast-schema-graph\">{\"@context\":\"https:\/\/schema.org\",\"@graph\":[{\"@type\":\"WebPage\",\"@id\":\"https:\/\/plot-ex.hr\/pravila-privatnosti\/\",\"url\":\"https:\/\/plot-ex.hr\/pravila-privatnosti\/\",\"name\":\"Pravila privatnosti - PLOT-EX\",\"isPartOf\":{\"@id\":\"https:\/\/plot-ex.hr\/#website\"},\"primaryImageOfPage\":{\"@id\":\"https:\/\/plot-ex.hr\/pravila-privatnosti\/#primaryimage\"},\"image\":{\"@id\":\"https:\/\/plot-ex.hr\/pravila-privatnosti\/#primaryimage\"},\"thumbnailUrl\":\"https:\/\/plot-ex.hr\/wp-content\/uploads\/2025\/05\/plot-ex-s.png\",\"datePublished\":\"2025-05-12T11:53:18+00:00\",\"dateModified\":\"2025-05-20T14:08:20+00:00\",\"breadcrumb\":{\"@id\":\"https:\/\/plot-ex.hr\/pravila-privatnosti\/#breadcrumb\"},\"inLanguage\":\"sl-SI\",\"potentialAction\":[{\"@type\":\"ReadAction\",\"target\":[\"https:\/\/plot-ex.hr\/pravila-privatnosti\/\"]}]},{\"@type\":\"ImageObject\",\"inLanguage\":\"sl-SI\",\"@id\":\"https:\/\/plot-ex.hr\/pravila-privatnosti\/#primaryimage\",\"url\":\"https:\/\/plot-ex.hr\/wp-content\/uploads\/2025\/05\/plot-ex-s.png\",\"contentUrl\":\"https:\/\/plot-ex.hr\/wp-content\/uploads\/2025\/05\/plot-ex-s.png\"},{\"@type\":\"BreadcrumbList\",\"@id\":\"https:\/\/plot-ex.hr\/pravila-privatnosti\/#breadcrumb\",\"itemListElement\":[{\"@type\":\"ListItem\",\"position\":1,\"name\":\"Po\u010detna stranica\",\"item\":\"https:\/\/plot-ex.hr\/\"},{\"@type\":\"ListItem\",\"position\":2,\"name\":\"Pravila privatnosti\"}]},{\"@type\":\"WebSite\",\"@id\":\"https:\/\/plot-ex.hr\/#website\",\"url\":\"https:\/\/plot-ex.hr\/\",\"name\":\"PLOT-EX\",\"description\":\"\",\"publisher\":{\"@id\":\"https:\/\/plot-ex.hr\/#organization\"},\"potentialAction\":[{\"@type\":\"SearchAction\",\"target\":{\"@type\":\"EntryPoint\",\"urlTemplate\":\"https:\/\/plot-ex.hr\/?s={search_term_string}\"},\"query-input\":{\"@type\":\"PropertyValueSpecification\",\"valueRequired\":true,\"valueName\":\"search_term_string\"}}],\"inLanguage\":\"sl-SI\"},{\"@type\":\"Organization\",\"@id\":\"https:\/\/plot-ex.hr\/#organization\",\"name\":\"PLOT-EX\",\"url\":\"https:\/\/plot-ex.hr\/\",\"logo\":{\"@type\":\"ImageObject\",\"inLanguage\":\"sl-SI\",\"@id\":\"https:\/\/plot-ex.hr\/#\/schema\/logo\/image\/\",\"url\":\"https:\/\/plot-ex.hr\/wp-content\/uploads\/2025\/05\/plot-ex-logo-blue-bg.svg\",\"contentUrl\":\"https:\/\/plot-ex.hr\/wp-content\/uploads\/2025\/05\/plot-ex-logo-blue-bg.svg\",\"caption\":\"PLOT-EX\"},\"image\":{\"@id\":\"https:\/\/plot-ex.hr\/#\/schema\/logo\/image\/\"}}]}<\/script>\n<!-- \/ Yoast SEO plugin. -->","yoast_head_json":{"title":"Pravilnik o zasebnosti - PLOT-EX","robots":{"index":"index","follow":"follow","max-snippet":"max-snippet:-1","max-image-preview":"max-image-preview:large","max-video-preview":"max-video-preview:-1"},"canonical":"https:\/\/plot-ex.hr\/sl\/politika-zasebnosti\/","og_locale":"sl_SI","og_type":"article","og_title":"Pravila privatnosti - PLOT-EX","og_description":"PLOT-EX obrt za kopiranje i uslugeTihomir Belo\u0161evi\u0107Grabrovec 5, 49210 ZabokOIB\/MB: 97823872Email: info@plot-ex.hrTelefon: 091\/304-1993 Datum zadnje izmjene: 15.05.2025. 1. Uvod PLOT-EX obrt za kopiranje i usluge (u daljnjem tekstu: PLOT-EX) po\u0161tuje va\u0161u privatnost i obvezuje se \u0161tititi va\u0161e osobne podatke u skladu s va\u017ee\u0107im zakonodavstvom, uklju\u010duju\u0107i Op\u0107u uredbu o za\u0161titi podataka (GDPR). Ova pravila privatnosti opisuju [&hellip;]","og_url":"https:\/\/plot-ex.hr\/sl\/politika-zasebnosti\/","og_site_name":"PLOT-EX","article_modified_time":"2025-05-20T14:08:20+00:00","og_image":[{"width":884,"height":556,"url":"https:\/\/plot-ex.hr\/wp-content\/uploads\/2025\/05\/plot-ex-s.png","type":"image\/png"}],"twitter_card":"summary_large_image","twitter_misc":{"Est. reading time":"3 minute"},"schema":{"@context":"https:\/\/schema.org","@graph":[{"@type":"WebPage","@id":"https:\/\/plot-ex.hr\/pravila-privatnosti\/","url":"https:\/\/plot-ex.hr\/pravila-privatnosti\/","name":"Pravilnik o zasebnosti - PLOT-EX","isPartOf":{"@id":"https:\/\/plot-ex.hr\/#website"},"primaryImageOfPage":{"@id":"https:\/\/plot-ex.hr\/pravila-privatnosti\/#primaryimage"},"image":{"@id":"https:\/\/plot-ex.hr\/pravila-privatnosti\/#primaryimage"},"thumbnailUrl":"https:\/\/plot-ex.hr\/wp-content\/uploads\/2025\/05\/plot-ex-s.png","datePublished":"2025-05-12T11:53:18+00:00","dateModified":"2025-05-20T14:08:20+00:00","breadcrumb":{"@id":"https:\/\/plot-ex.hr\/pravila-privatnosti\/#breadcrumb"},"inLanguage":"sl-SI","potentialAction":[{"@type":"ReadAction","target":["https:\/\/plot-ex.hr\/pravila-privatnosti\/"]}]},{"@type":"ImageObject","inLanguage":"sl-SI","@id":"https:\/\/plot-ex.hr\/pravila-privatnosti\/#primaryimage","url":"https:\/\/plot-ex.hr\/wp-content\/uploads\/2025\/05\/plot-ex-s.png","contentUrl":"https:\/\/plot-ex.hr\/wp-content\/uploads\/2025\/05\/plot-ex-s.png"},{"@type":"BreadcrumbList","@id":"https:\/\/plot-ex.hr\/pravila-privatnosti\/#breadcrumb","itemListElement":[{"@type":"ListItem","position":1,"name":"Po\u010detna stranica","item":"https:\/\/plot-ex.hr\/"},{"@type":"ListItem","position":2,"name":"Pravila privatnosti"}]},{"@type":"WebSite","@id":"https:\/\/plot-ex.hr\/#website","url":"https:\/\/plot-ex.hr\/","name":"PLOT-EX","description":"","publisher":{"@id":"https:\/\/plot-ex.hr\/#organization"},"potentialAction":[{"@type":"SearchAction","target":{"@type":"EntryPoint","urlTemplate":"https:\/\/plot-ex.hr\/?s={search_term_string}"},"query-input":{"@type":"PropertyValueSpecification","valueRequired":true,"valueName":"search_term_string"}}],"inLanguage":"sl-SI"},{"@type":"Organization","@id":"https:\/\/plot-ex.hr\/#organization","name":"PLOT-EX","url":"https:\/\/plot-ex.hr\/","logo":{"@type":"ImageObject","inLanguage":"sl-SI","@id":"https:\/\/plot-ex.hr\/#\/schema\/logo\/image\/","url":"https:\/\/plot-ex.hr\/wp-content\/uploads\/2025\/05\/plot-ex-logo-blue-bg.svg","contentUrl":"https:\/\/plot-ex.hr\/wp-content\/uploads\/2025\/05\/plot-ex-logo-blue-bg.svg","caption":"PLOT-EX"},"image":{"@id":"https:\/\/plot-ex.hr\/#\/schema\/logo\/image\/"}}]}},"_links":{"self":[{"href":"https:\/\/plot-ex.hr\/sl\/wp-json\/wp\/v2\/pages\/3","targetHints":{"allow":["GET"]}}],"collection":[{"href":"https:\/\/plot-ex.hr\/sl\/wp-json\/wp\/v2\/pages"}],"about":[{"href":"https:\/\/plot-ex.hr\/sl\/wp-json\/wp\/v2\/types\/page"}],"author":[{"embeddable":true,"href":"https:\/\/plot-ex.hr\/sl\/wp-json\/wp\/v2\/users\/1"}],"replies":[{"embeddable":true,"href":"https:\/\/plot-ex.hr\/sl\/wp-json\/wp\/v2\/comments?post=3"}],"version-history":[{"count":10,"href":"https:\/\/plot-ex.hr\/sl\/wp-json\/wp\/v2\/pages\/3\/revisions"}],"predecessor-version":[{"id":986,"href":"https:\/\/plot-ex.hr\/sl\/wp-json\/wp\/v2\/pages\/3\/revisions\/986"}],"wp:attachment":[{"href":"https:\/\/plot-ex.hr\/sl\/wp-json\/wp\/v2\/media?parent=3"}],"curies":[{"name":"delovni list","href":"https:\/\/api.w.org\/{rel}","templated":true}]}}