{"id":451,"date":"2025-05-14T09:38:00","date_gmt":"2025-05-14T07:38:00","guid":{"rendered":"https:\/\/plot-ex.hr\/?page_id=451"},"modified":"2025-10-31T20:56:00","modified_gmt":"2025-10-31T19:56:00","slug":"o-nas","status":"publish","type":"page","link":"https:\/\/plot-ex.hr\/sl\/o-nas\/","title":{"rendered":"O nas"},"content":{"rendered":"<div data-elementor-type=\"wp-page\" data-elementor-id=\"451\" class=\"elementor elementor-451\" data-elementor-post-type=\"page\">\n\t\t\t\t<div class=\"elementor-element elementor-element-264fdec e-flex e-con-boxed e-con e-parent\" data-id=\"264fdec\" data-element_type=\"container\" data-settings=\"{&quot;background_background&quot;:&quot;classic&quot;}\">\n\t\t\t\t\t<div class=\"e-con-inner\">\n\t\t<div class=\"elementor-element elementor-element-81294bd e-con-full e-flex e-con e-child\" data-id=\"81294bd\" data-element_type=\"container\">\n\t\t\t\t<div class=\"elementor-element elementor-element-cf1d2ed elementor-widget__width-initial elementor-widget elementor-widget-heading\" data-id=\"cf1d2ed\" data-element_type=\"widget\" data-widget_type=\"heading.default\">\n\t\t\t\t<div class=\"elementor-widget-container\">\n\t\t\t\t\t<h1 class=\"elementor-heading-title elementor-size-default\">O nas<\/h1>\t\t\t\t<\/div>\n\t\t\t\t<\/div>\n\t\t\t\t<div class=\"elementor-element elementor-element-5c10fa2 elementor-absolute elementor-widget elementor-widget-image\" data-id=\"5c10fa2\" data-element_type=\"widget\" data-settings=\"{&quot;_position&quot;:&quot;absolute&quot;}\" data-widget_type=\"image.default\">\n\t\t\t\t<div class=\"elementor-widget-container\">\n\t\t\t\t\t\t\t\t\t\t\t\t\t\t\t<img fetchpriority=\"high\" decoding=\"async\" width=\"800\" height=\"503\" src=\"https:\/\/plot-ex.hr\/wp-content\/uploads\/2025\/05\/plot-ex-s.png\" class=\"attachment-large size-large wp-image-469\" alt=\"\" srcset=\"https:\/\/plot-ex.hr\/wp-content\/uploads\/2025\/05\/plot-ex-s.png 884w, https:\/\/plot-ex.hr\/wp-content\/uploads\/2025\/05\/plot-ex-s-300x189.png 300w, https:\/\/plot-ex.hr\/wp-content\/uploads\/2025\/05\/plot-ex-s-768x483.png 768w\" sizes=\"(max-width: 800px) 100vw, 800px\" \/>\t\t\t\t\t\t\t\t\t\t\t\t\t\t\t<\/div>\n\t\t\t\t<\/div>\n\t\t\t\t<\/div>\n\t\t\t\t\t<\/div>\n\t\t\t\t<\/div>\n\t\t<div class=\"elementor-element elementor-element-c2e37a4 e-flex e-con-boxed e-con e-parent\" data-id=\"c2e37a4\" data-element_type=\"container\">\n\t\t\t\t\t<div class=\"e-con-inner\">\n\t\t\t\t<div class=\"elementor-element elementor-element-51171d1 elementor-widget__width-initial elementor-widget elementor-widget-heading\" data-id=\"51171d1\" data-element_type=\"widget\" data-widget_type=\"heading.default\">\n\t\t\t\t<div class=\"elementor-widget-container\">\n\t\t\t\t\t<h2 class=\"elementor-heading-title elementor-size-default\"><span class=\"highlight-underline\">PLOT-EX<\/span><\/h2>\t\t\t\t<\/div>\n\t\t\t\t<\/div>\n\t\t\t\t<div class=\"elementor-element elementor-element-023f093 elementor-widget__width-initial elementor-widget elementor-widget-text-editor\" data-id=\"023f093\" data-element_type=\"widget\" data-widget_type=\"text-editor.default\">\n\t\t\t\t<div class=\"elementor-widget-container\">\n\t\t\t\t\t\t\t\t\t<p>Ukvarjamo se z izrisovanjem, kopiranjem in oblikovanjem risb velikega formata. S to dejavnostjo se ukvarjamo od za\u010detka leta 2018. Specializirani smo za izrisovanje tehni\u010dnih risb velikega formata in na\u0161a naro\u010dila dostavimo v najkraj\u0161em mo\u017enem \u010dasu. Delo razumemo in ga opravimo odgovorno, v danem roku, natan\u010dno brez napak in po dostopnih cenah.<\/p><p>Sodelujemo z ve\u010d kot 50 oblikovalskimi biroji po vsej Republiki Hrva\u0161ki. Izvajamo kakovosten tisk s kakovostnim materialom in imamo za seboj ve\u010d kot tiso\u010d dostavljenih projektov. Za kakovostno in natan\u010dno delo uporabljamo profesionalne programe, kot so: AutoCad 2021, Adobe Acrobat XI Pro, Poster Artist in drugi.<\/p>\t\t\t\t\t\t\t\t<\/div>\n\t\t\t\t<\/div>\n\t\t\t\t\t<\/div>\n\t\t\t\t<\/div>\n\t\t<div class=\"elementor-element elementor-element-6563d36 e-flex e-con-boxed e-con e-parent\" data-id=\"6563d36\" data-element_type=\"container\">\n\t\t\t\t\t<div class=\"e-con-inner\">\n\t\t<div class=\"elementor-element elementor-element-40c0738 e-con-full e-flex e-con e-child\" data-id=\"40c0738\" data-element_type=\"container\">\n\t\t\t\t<div class=\"elementor-element elementor-element-9d906d5 elementor-widget__width-initial elementor-widget elementor-widget-heading\" data-id=\"9d906d5\" data-element_type=\"widget\" data-widget_type=\"heading.default\">\n\t\t\t\t<div class=\"elementor-widget-container\">\n\t\t\t\t\t<h2 class=\"elementor-heading-title elementor-size-default\">Brezpla\u010dna dostava <span class=\"highlight-underline\">nad 70 evrov<\/span><\/h2>\t\t\t\t<\/div>\n\t\t\t\t<\/div>\n\t\t\t\t<div class=\"elementor-element elementor-element-600e320 elementor-widget-tablet__width-initial elementor-widget__width-initial elementor-widget elementor-widget-text-editor\" data-id=\"600e320\" data-element_type=\"widget\" data-widget_type=\"text-editor.default\">\n\t\t\t\t<div class=\"elementor-widget-container\">\n\t\t\t\t\t\t\t\t\t<p>Naro\u010dene na\u010drte in dokumente vam hitro in varno dostavimo na va\u0161 naslov, kamor koli v Republiki Hrva\u0161ki. <strong data-start=\"214\" data-end=\"260\">Brezpla\u010dna dostava za naro\u010dila nad <b>70 evrov<\/b>. Prav tako je za naro\u010dila nad 100 evrov dostava brezpla\u010dna tudi po Sloveniji. <\/strong>Va\u0161e materiale skrbno zapakiramo in jih odpo\u0161ljemo v najkraj\u0161em mo\u017enem \u010dasu, da zagotovimo natan\u010dnost in pravo\u010dasnost dostave.<br \/><br data-start=\"387\" data-end=\"390\" \/>Sodelovanje z zanesljivimi dostavnimi slu\u017ebami zagotavlja, da bodo va\u0161e tehni\u010dne risbe prispele nepo\u0161kodovane in pripravljene za uporabo.<\/p>\t\t\t\t\t\t\t\t<\/div>\n\t\t\t\t<\/div>\n\t\t\t\t<div class=\"elementor-element elementor-element-86d5258 elementor-widget elementor-widget-button\" data-id=\"86d5258\" data-element_type=\"widget\" data-widget_type=\"button.default\">\n\t\t\t\t<div class=\"elementor-widget-container\">\n\t\t\t\t\t\t\t\t\t<div class=\"elementor-button-wrapper\">\n\t\t\t\t\t<a class=\"elementor-button elementor-button-link elementor-size-sm\" href=\"https:\/\/plot-ex.hr\/sl\/cenik-storitev\/\">\n\t\t\t\t\t\t<span class=\"elementor-button-content-wrapper\">\n\t\t\t\t\t\t\t\t\t<span class=\"elementor-button-text\">Oglejte si cenik<\/span>\n\t\t\t\t\t<\/span>\n\t\t\t\t\t<\/a>\n\t\t\t\t<\/div>\n\t\t\t\t\t\t\t\t<\/div>\n\t\t\t\t<\/div>\n\t\t\t\t<\/div>\n\t\t<div class=\"elementor-element elementor-element-35b6411 e-con-full e-flex e-con e-child\" data-id=\"35b6411\" data-element_type=\"container\">\n\t\t\t\t<div class=\"elementor-element elementor-element-2071027 elementor-widget elementor-widget-image\" data-id=\"2071027\" data-element_type=\"widget\" data-widget_type=\"image.default\">\n\t\t\t\t<div class=\"elementor-widget-container\">\n\t\t\t\t\t\t\t\t\t\t\t\t\t\t\t<img decoding=\"async\" width=\"457\" height=\"369\" src=\"https:\/\/plot-ex.hr\/wp-content\/uploads\/2025\/05\/plot-ex-dostava-h.png\" class=\"attachment-large size-large wp-image-535\" alt=\"\" srcset=\"https:\/\/plot-ex.hr\/wp-content\/uploads\/2025\/05\/plot-ex-dostava-h.png 457w, https:\/\/plot-ex.hr\/wp-content\/uploads\/2025\/05\/plot-ex-dostava-h-300x242.png 300w\" sizes=\"(max-width: 457px) 100vw, 457px\" \/>\t\t\t\t\t\t\t\t\t\t\t\t\t\t\t<\/div>\n\t\t\t\t<\/div>\n\t\t\t\t<\/div>\n\t\t\t\t\t<\/div>\n\t\t\t\t<\/div>\n\t\t<div class=\"elementor-element elementor-element-0933c62 e-con-full e-flex e-con e-parent\" data-id=\"0933c62\" data-element_type=\"container\">\n\t\t<div class=\"elementor-element elementor-element-a816250 e-con-full e-flex e-con e-child\" data-id=\"a816250\" data-element_type=\"container\">\n\t\t<div class=\"elementor-element elementor-element-c771b6c e-con-full e-flex e-con e-child\" data-id=\"c771b6c\" data-element_type=\"container\">\n\t\t\t\t<div class=\"elementor-element elementor-element-006a82d image-shadow elementor-widget elementor-widget-image\" data-id=\"006a82d\" data-element_type=\"widget\" data-widget_type=\"image.default\">\n\t\t\t\t<div class=\"elementor-widget-container\">\n\t\t\t\t\t\t\t\t\t\t\t\t\t\t\t\t<a href=\"https:\/\/plot-ex.hr\/sl\/prenos-osnutka\/\">\n\t\t\t\t\t\t\t<img decoding=\"async\" width=\"780\" height=\"557\" src=\"https:\/\/plot-ex.hr\/wp-content\/uploads\/2025\/10\/plot-ex-new-app_.png\" class=\"attachment-full size-full wp-image-1073\" alt=\"\" srcset=\"https:\/\/plot-ex.hr\/wp-content\/uploads\/2025\/10\/plot-ex-new-app_.png 780w, https:\/\/plot-ex.hr\/wp-content\/uploads\/2025\/10\/plot-ex-new-app_-300x214.png 300w, https:\/\/plot-ex.hr\/wp-content\/uploads\/2025\/10\/plot-ex-new-app_-768x548.png 768w, https:\/\/plot-ex.hr\/wp-content\/uploads\/2025\/10\/plot-ex-new-app_-18x12.png 18w\" sizes=\"(max-width: 780px) 100vw, 780px\" \/>\t\t\t\t\t\t\t\t<\/a>\n\t\t\t\t\t\t\t\t\t\t\t\t\t\t\t<\/div>\n\t\t\t\t<\/div>\n\t\t\t\t<\/div>\n\t\t<div class=\"elementor-element elementor-element-224703c e-con-full e-flex e-con e-child\" data-id=\"224703c\" data-element_type=\"container\" data-settings=\"{&quot;background_background&quot;:&quot;classic&quot;}\">\n\t\t\t\t<div class=\"elementor-element elementor-element-225d400 elementor-widget__width-initial elementor-widget elementor-widget-heading\" data-id=\"225d400\" data-element_type=\"widget\" data-widget_type=\"heading.default\">\n\t\t\t\t<div class=\"elementor-widget-container\">\n\t\t\t\t\t<h4 class=\"elementor-heading-title elementor-size-default\"><span class=\"highlight-underline\">Po\u0161ljite nam svoje modele prek spleta<\/span><\/h4>\t\t\t\t<\/div>\n\t\t\t\t<\/div>\n\t\t\t\t<div class=\"elementor-element elementor-element-35c4dc6 elementor-widget__width-initial elementor-widget elementor-widget-text-editor\" data-id=\"35c4dc6\" data-element_type=\"widget\" data-widget_type=\"text-editor.default\">\n\t\t\t\t<div class=\"elementor-widget-container\">\n\t\t\t\t\t\t\t\t\t<p>Vi ustvarite ideje \u2013 mi jih natisnemo z natan\u010dnostjo, ki si jo zaslu\u017eijo. Prepustite nam na\u010drtovanje in postavitev, vi pa se osredoto\u010dite na tisto, kar je najpomembnej\u0161e: oblikovanje.<\/p>\t\t\t\t\t\t\t\t<\/div>\n\t\t\t\t<\/div>\n\t\t\t\t<div class=\"elementor-element elementor-element-8fbae93 elementor-widget elementor-widget-button\" data-id=\"8fbae93\" data-element_type=\"widget\" data-widget_type=\"button.default\">\n\t\t\t\t<div class=\"elementor-widget-container\">\n\t\t\t\t\t\t\t\t\t<div class=\"elementor-button-wrapper\">\n\t\t\t\t\t<a class=\"elementor-button elementor-button-link elementor-size-sm\" href=\"https:\/\/plot-ex.hr\/sl\/prenos-osnutka\/\">\n\t\t\t\t\t\t<span class=\"elementor-button-content-wrapper\">\n\t\t\t\t\t\t\t\t\t<span class=\"elementor-button-text\">Po\u0161lji osnutke<\/span>\n\t\t\t\t\t<\/span>\n\t\t\t\t\t<\/a>\n\t\t\t\t<\/div>\n\t\t\t\t\t\t\t\t<\/div>\n\t\t\t\t<\/div>\n\t\t\t\t<\/div>\n\t\t\t\t<\/div>\n\t\t\t\t<\/div>\n\t\t\t\t<\/div>","protected":false},"excerpt":{"rendered":"<p>PLOT-EX Bavimo se plotanjem, kopiranjem i formatiranjem nacrta \u0161irokog formata. Ovom djelatno\u0161\u0107u bavimo se od po\u010detka 2018. godine. Specijalizirani smo za plotanje tehni\u010dkih nacrta \u0161irokog formata te se na\u0161e narud\u017ebe isporu\u010duju u najkra\u0107em mogu\u0107em roku. Posao shva\u0107amo i obavljamo odgovorno, u zadanom roku, precizno bez pogre\u0161aka i po povoljnim cijenama. Sura\u0111ujemo s preko 50 projektantskih [&hellip;]<\/p>","protected":false},"author":1,"featured_media":711,"parent":0,"menu_order":0,"comment_status":"closed","ping_status":"closed","template":"elementor_header_footer","meta":{"footnotes":""},"class_list":["post-451","page","type-page","status-publish","has-post-thumbnail","hentry"],"yoast_head":"<!-- This site is optimized with the Yoast SEO plugin v26.8 - https:\/\/yoast.com\/product\/yoast-seo-wordpress\/ -->\n<title>O nama - PLOT-EX<\/title>\n<meta name=\"description\" content=\"Specijalizirani za brzo i precizno plotanje tehni\u010dkih nacrta \u0161irokog formata. 1000+ projekata, 50+ biroa, od 2018. \u2013 kvaliteta i povoljne cijene.\" \/>\n<meta name=\"robots\" content=\"index, follow, max-snippet:-1, max-image-preview:large, max-video-preview:-1\" \/>\n<link rel=\"canonical\" href=\"https:\/\/plot-ex.hr\/sl\/o-nas\/\" \/>\n<meta property=\"og:locale\" content=\"sl_SI\" \/>\n<meta property=\"og:type\" content=\"article\" \/>\n<meta property=\"og:title\" content=\"O nama - PLOT-EX\" \/>\n<meta property=\"og:description\" content=\"Specijalizirani za brzo i precizno plotanje tehni\u010dkih nacrta \u0161irokog formata. 1000+ projekata, 50+ biroa, od 2018. \u2013 kvaliteta i povoljne cijene.\" \/>\n<meta property=\"og:url\" content=\"https:\/\/plot-ex.hr\/sl\/o-nas\/\" \/>\n<meta property=\"og:site_name\" content=\"PLOT-EX\" \/>\n<meta property=\"article:modified_time\" content=\"2025-10-31T19:56:00+00:00\" \/>\n<meta property=\"og:image\" content=\"https:\/\/plot-ex.hr\/wp-content\/uploads\/2025\/05\/plot-ex-contact-c.jpg\" \/>\n\t<meta property=\"og:image:width\" content=\"1024\" \/>\n\t<meta property=\"og:image:height\" content=\"1024\" \/>\n\t<meta property=\"og:image:type\" content=\"image\/jpeg\" \/>\n<meta name=\"twitter:card\" content=\"summary_large_image\" \/>\n<meta name=\"twitter:label1\" content=\"Est. reading time\" \/>\n\t<meta name=\"twitter:data1\" content=\"2 minuti\" \/>\n<script type=\"application\/ld+json\" class=\"yoast-schema-graph\">{\"@context\":\"https:\/\/schema.org\",\"@graph\":[{\"@type\":\"WebPage\",\"@id\":\"https:\/\/plot-ex.hr\/o-nama\/\",\"url\":\"https:\/\/plot-ex.hr\/o-nama\/\",\"name\":\"O nama - PLOT-EX\",\"isPartOf\":{\"@id\":\"https:\/\/plot-ex.hr\/#website\"},\"primaryImageOfPage\":{\"@id\":\"https:\/\/plot-ex.hr\/o-nama\/#primaryimage\"},\"image\":{\"@id\":\"https:\/\/plot-ex.hr\/o-nama\/#primaryimage\"},\"thumbnailUrl\":\"https:\/\/plot-ex.hr\/wp-content\/uploads\/2025\/05\/plot-ex-contact-c.jpg\",\"datePublished\":\"2025-05-14T07:38:00+00:00\",\"dateModified\":\"2025-10-31T19:56:00+00:00\",\"description\":\"Specijalizirani za brzo i precizno plotanje tehni\u010dkih nacrta \u0161irokog formata. 1000+ projekata, 50+ biroa, od 2018. \u2013 kvaliteta i povoljne cijene.\",\"breadcrumb\":{\"@id\":\"https:\/\/plot-ex.hr\/o-nama\/#breadcrumb\"},\"inLanguage\":\"sl-SI\",\"potentialAction\":[{\"@type\":\"ReadAction\",\"target\":[\"https:\/\/plot-ex.hr\/o-nama\/\"]}]},{\"@type\":\"ImageObject\",\"inLanguage\":\"sl-SI\",\"@id\":\"https:\/\/plot-ex.hr\/o-nama\/#primaryimage\",\"url\":\"https:\/\/plot-ex.hr\/wp-content\/uploads\/2025\/05\/plot-ex-contact-c.jpg\",\"contentUrl\":\"https:\/\/plot-ex.hr\/wp-content\/uploads\/2025\/05\/plot-ex-contact-c.jpg\",\"width\":1024,\"height\":1024},{\"@type\":\"BreadcrumbList\",\"@id\":\"https:\/\/plot-ex.hr\/o-nama\/#breadcrumb\",\"itemListElement\":[{\"@type\":\"ListItem\",\"position\":1,\"name\":\"Po\u010detna stranica\",\"item\":\"https:\/\/plot-ex.hr\/\"},{\"@type\":\"ListItem\",\"position\":2,\"name\":\"O nama\"}]},{\"@type\":\"WebSite\",\"@id\":\"https:\/\/plot-ex.hr\/#website\",\"url\":\"https:\/\/plot-ex.hr\/\",\"name\":\"PLOT-EX\",\"description\":\"\",\"publisher\":{\"@id\":\"https:\/\/plot-ex.hr\/#organization\"},\"potentialAction\":[{\"@type\":\"SearchAction\",\"target\":{\"@type\":\"EntryPoint\",\"urlTemplate\":\"https:\/\/plot-ex.hr\/?s={search_term_string}\"},\"query-input\":{\"@type\":\"PropertyValueSpecification\",\"valueRequired\":true,\"valueName\":\"search_term_string\"}}],\"inLanguage\":\"sl-SI\"},{\"@type\":\"Organization\",\"@id\":\"https:\/\/plot-ex.hr\/#organization\",\"name\":\"PLOT-EX\",\"url\":\"https:\/\/plot-ex.hr\/\",\"logo\":{\"@type\":\"ImageObject\",\"inLanguage\":\"sl-SI\",\"@id\":\"https:\/\/plot-ex.hr\/#\/schema\/logo\/image\/\",\"url\":\"https:\/\/plot-ex.hr\/wp-content\/uploads\/2025\/05\/plot-ex-logo-blue-bg.svg\",\"contentUrl\":\"https:\/\/plot-ex.hr\/wp-content\/uploads\/2025\/05\/plot-ex-logo-blue-bg.svg\",\"caption\":\"PLOT-EX\"},\"image\":{\"@id\":\"https:\/\/plot-ex.hr\/#\/schema\/logo\/image\/\"}}]}<\/script>\n<!-- \/ Yoast SEO plugin. -->","yoast_head_json":{"title":"O nas - PLOT-EX","description":"Specializirani za hitro in natan\u010dno izrisovanje tehni\u010dnih risb velikega formata. Ve\u010d kot 1000 projektov, ve\u010d kot 50 birojev, od leta 2018 \u2013 kakovost in ugodne cene.","robots":{"index":"index","follow":"follow","max-snippet":"max-snippet:-1","max-image-preview":"max-image-preview:large","max-video-preview":"max-video-preview:-1"},"canonical":"https:\/\/plot-ex.hr\/sl\/o-nas\/","og_locale":"sl_SI","og_type":"article","og_title":"O nama - PLOT-EX","og_description":"Specijalizirani za brzo i precizno plotanje tehni\u010dkih nacrta \u0161irokog formata. 1000+ projekata, 50+ biroa, od 2018. \u2013 kvaliteta i povoljne cijene.","og_url":"https:\/\/plot-ex.hr\/sl\/o-nas\/","og_site_name":"PLOT-EX","article_modified_time":"2025-10-31T19:56:00+00:00","og_image":[{"width":1024,"height":1024,"url":"https:\/\/plot-ex.hr\/wp-content\/uploads\/2025\/05\/plot-ex-contact-c.jpg","type":"image\/jpeg"}],"twitter_card":"summary_large_image","twitter_misc":{"Est. reading time":"2 minuti"},"schema":{"@context":"https:\/\/schema.org","@graph":[{"@type":"WebPage","@id":"https:\/\/plot-ex.hr\/o-nama\/","url":"https:\/\/plot-ex.hr\/o-nama\/","name":"O nas - PLOT-EX","isPartOf":{"@id":"https:\/\/plot-ex.hr\/#website"},"primaryImageOfPage":{"@id":"https:\/\/plot-ex.hr\/o-nama\/#primaryimage"},"image":{"@id":"https:\/\/plot-ex.hr\/o-nama\/#primaryimage"},"thumbnailUrl":"https:\/\/plot-ex.hr\/wp-content\/uploads\/2025\/05\/plot-ex-contact-c.jpg","datePublished":"2025-05-14T07:38:00+00:00","dateModified":"2025-10-31T19:56:00+00:00","description":"Specializirani za hitro in natan\u010dno izrisovanje tehni\u010dnih risb velikega formata. Ve\u010d kot 1000 projektov, ve\u010d kot 50 birojev, od leta 2018 \u2013 kakovost in ugodne cene.","breadcrumb":{"@id":"https:\/\/plot-ex.hr\/o-nama\/#breadcrumb"},"inLanguage":"sl-SI","potentialAction":[{"@type":"ReadAction","target":["https:\/\/plot-ex.hr\/o-nama\/"]}]},{"@type":"ImageObject","inLanguage":"sl-SI","@id":"https:\/\/plot-ex.hr\/o-nama\/#primaryimage","url":"https:\/\/plot-ex.hr\/wp-content\/uploads\/2025\/05\/plot-ex-contact-c.jpg","contentUrl":"https:\/\/plot-ex.hr\/wp-content\/uploads\/2025\/05\/plot-ex-contact-c.jpg","width":1024,"height":1024},{"@type":"BreadcrumbList","@id":"https:\/\/plot-ex.hr\/o-nama\/#breadcrumb","itemListElement":[{"@type":"ListItem","position":1,"name":"Po\u010detna stranica","item":"https:\/\/plot-ex.hr\/"},{"@type":"ListItem","position":2,"name":"O nama"}]},{"@type":"WebSite","@id":"https:\/\/plot-ex.hr\/#website","url":"https:\/\/plot-ex.hr\/","name":"PLOT-EX","description":"","publisher":{"@id":"https:\/\/plot-ex.hr\/#organization"},"potentialAction":[{"@type":"SearchAction","target":{"@type":"EntryPoint","urlTemplate":"https:\/\/plot-ex.hr\/?s={search_term_string}"},"query-input":{"@type":"PropertyValueSpecification","valueRequired":true,"valueName":"search_term_string"}}],"inLanguage":"sl-SI"},{"@type":"Organization","@id":"https:\/\/plot-ex.hr\/#organization","name":"PLOT-EX","url":"https:\/\/plot-ex.hr\/","logo":{"@type":"ImageObject","inLanguage":"sl-SI","@id":"https:\/\/plot-ex.hr\/#\/schema\/logo\/image\/","url":"https:\/\/plot-ex.hr\/wp-content\/uploads\/2025\/05\/plot-ex-logo-blue-bg.svg","contentUrl":"https:\/\/plot-ex.hr\/wp-content\/uploads\/2025\/05\/plot-ex-logo-blue-bg.svg","caption":"PLOT-EX"},"image":{"@id":"https:\/\/plot-ex.hr\/#\/schema\/logo\/image\/"}}]}},"_links":{"self":[{"href":"https:\/\/plot-ex.hr\/sl\/wp-json\/wp\/v2\/pages\/451","targetHints":{"allow":["GET"]}}],"collection":[{"href":"https:\/\/plot-ex.hr\/sl\/wp-json\/wp\/v2\/pages"}],"about":[{"href":"https:\/\/plot-ex.hr\/sl\/wp-json\/wp\/v2\/types\/page"}],"author":[{"embeddable":true,"href":"https:\/\/plot-ex.hr\/sl\/wp-json\/wp\/v2\/users\/1"}],"replies":[{"embeddable":true,"href":"https:\/\/plot-ex.hr\/sl\/wp-json\/wp\/v2\/comments?post=451"}],"version-history":[{"count":139,"href":"https:\/\/plot-ex.hr\/sl\/wp-json\/wp\/v2\/pages\/451\/revisions"}],"predecessor-version":[{"id":1082,"href":"https:\/\/plot-ex.hr\/sl\/wp-json\/wp\/v2\/pages\/451\/revisions\/1082"}],"wp:featuredmedia":[{"embeddable":true,"href":"https:\/\/plot-ex.hr\/sl\/wp-json\/wp\/v2\/media\/711"}],"wp:attachment":[{"href":"https:\/\/plot-ex.hr\/sl\/wp-json\/wp\/v2\/media?parent=451"}],"curies":[{"name":"delovni list","href":"https:\/\/api.w.org\/{rel}","templated":true}]}}