{"id":565,"date":"2025-05-14T11:38:40","date_gmt":"2025-05-14T09:38:40","guid":{"rendered":"https:\/\/plot-ex.hr\/?page_id=565"},"modified":"2025-10-31T20:54:54","modified_gmt":"2025-10-31T19:54:54","slug":"plotanje-tehnicnih-risb","status":"publish","type":"page","link":"https:\/\/plot-ex.hr\/sl\/plotanje-tehnicnih-risb\/","title":{"rendered":"Plotanje tehni\u010dnih risb"},"content":{"rendered":"<div data-elementor-type=\"wp-page\" data-elementor-id=\"565\" class=\"elementor elementor-565\" data-elementor-post-type=\"page\">\n\t\t\t\t<div class=\"elementor-element elementor-element-ef7a7e4 e-flex e-con-boxed e-con e-parent\" data-id=\"ef7a7e4\" data-element_type=\"container\" data-settings=\"{&quot;background_background&quot;:&quot;classic&quot;}\">\n\t\t\t\t\t<div class=\"e-con-inner\">\n\t\t<div class=\"elementor-element elementor-element-cbea8d5 e-con-full e-flex e-con e-child\" data-id=\"cbea8d5\" data-element_type=\"container\">\n\t\t\t\t<div class=\"elementor-element elementor-element-c7965fc elementor-widget__width-initial elementor-widget elementor-widget-heading\" data-id=\"c7965fc\" data-element_type=\"widget\" data-widget_type=\"heading.default\">\n\t\t\t\t<div class=\"elementor-widget-container\">\n\t\t\t\t\t<h1 class=\"elementor-heading-title elementor-size-default\">Plotanje tehni\u010dnih risb<\/h1>\t\t\t\t<\/div>\n\t\t\t\t<\/div>\n\t\t\t\t<div class=\"elementor-element elementor-element-129fd83 elementor-absolute elementor-widget elementor-widget-image\" data-id=\"129fd83\" data-element_type=\"widget\" data-settings=\"{&quot;_position&quot;:&quot;absolute&quot;}\" data-widget_type=\"image.default\">\n\t\t\t\t<div class=\"elementor-widget-container\">\n\t\t\t\t\t\t\t\t\t\t\t\t\t\t\t<img fetchpriority=\"high\" decoding=\"async\" width=\"800\" height=\"503\" src=\"https:\/\/plot-ex.hr\/wp-content\/uploads\/2025\/05\/plot-ex-s.png\" class=\"attachment-large size-large wp-image-469\" alt=\"\" srcset=\"https:\/\/plot-ex.hr\/wp-content\/uploads\/2025\/05\/plot-ex-s.png 884w, https:\/\/plot-ex.hr\/wp-content\/uploads\/2025\/05\/plot-ex-s-300x189.png 300w, https:\/\/plot-ex.hr\/wp-content\/uploads\/2025\/05\/plot-ex-s-768x483.png 768w\" sizes=\"(max-width: 800px) 100vw, 800px\" \/>\t\t\t\t\t\t\t\t\t\t\t\t\t\t\t<\/div>\n\t\t\t\t<\/div>\n\t\t\t\t<\/div>\n\t\t\t\t\t<\/div>\n\t\t\t\t<\/div>\n\t\t<div class=\"elementor-element elementor-element-2552e55 e-flex e-con-boxed e-con e-parent\" data-id=\"2552e55\" data-element_type=\"container\">\n\t\t\t\t\t<div class=\"e-con-inner\">\n\t\t\t\t<div class=\"elementor-element elementor-element-1d8bb5b elementor-widget elementor-widget-text-editor\" data-id=\"1d8bb5b\" data-element_type=\"widget\" data-widget_type=\"text-editor.default\">\n\t\t\t\t<div class=\"elementor-widget-container\">\n\t\t\t\t\t\t\t\t\t<p><span style=\"font-weight: 400;\">Specializirani smo za visokokakovosten tisk tehni\u010dnih risb na papirju 80 g\/m\u00b2, v \u010drno-beli ali barvni tehniki, do \u0161irine 1117,6 mm. Risbe dodatno strojno formatiramo do 914,4 mm na format A3 ali A4, pri \u010demer uporabljamo vrhunski stroj nem\u0161ke izdelave, ki natan\u010dno, brez gubanja ali prepogibanja, sestavi vsako risbo. Pred tiskom preverimo, ali je risba v pravilnem merilu, saj vemo, kako pomembno je to pri oblikovanju. Za ve\u010dje formate ponujamo tudi oja\u010ditve, ki zagotavljajo trdnost in zmanj\u0161ujejo mo\u017enost po\u0161kodb. Po \u017eelji lahko risbe zve\u017eemo v mapo ali registrator, z garancijo ali brez nje, tako da so takoj pripravljene za \u017eigosanje, podpis in dostavo investitorju ali na gradbi\u0161\u010de.<\/span><\/p><p><span style=\"font-weight: 400;\">Medtem ko vi oblikujete, mi poskrbimo za vsa tehni\u010dna opravila \u2013 od risanja do monta\u017ee in pakiranja. Svoje na\u010drte nam lahko po\u0161ljete v PDF formatu po e-po\u0161ti (plotprint.ex@gmail.com), na USB klju\u010dek, zunanje pogone ali celo na CD\/DVD. Dostavimo v najkraj\u0161em mo\u017enem \u010dasu, za stranke zunaj \u017eupanije Zagreb in Krapina-Zagorje pa organiziramo po\u0161iljanje prek GLS. Za ra\u010dune nad 70 evrov krijemo stro\u0161ke po\u0161iljanja. Na\u0161 cilj je, da so va\u0161i na\u010drti pripravljeni hitro, lepo in profesionalno \u2013 brez izgube va\u0161ega dragocenega \u010dasa.<\/span><\/p>\t\t\t\t\t\t\t\t<\/div>\n\t\t\t\t<\/div>\n\t\t\t\t\t<\/div>\n\t\t\t\t<\/div>\n\t\t<div class=\"elementor-element elementor-element-56204dc e-flex e-con-boxed e-con e-parent\" data-id=\"56204dc\" data-element_type=\"container\">\n\t\t\t\t\t<div class=\"e-con-inner\">\n\t\t<div class=\"elementor-element elementor-element-a7d36a9 e-con-full e-flex e-con e-child\" data-id=\"a7d36a9\" data-element_type=\"container\" data-settings=\"{&quot;background_background&quot;:&quot;classic&quot;}\">\n\t\t\t\t<div class=\"elementor-element elementor-element-fe8a894 elementor-widget__width-inherit elementor-widget-tablet__width-inherit elementor-widget elementor-widget-heading\" data-id=\"fe8a894\" data-element_type=\"widget\" data-widget_type=\"heading.default\">\n\t\t\t\t<div class=\"elementor-widget-container\">\n\t\t\t\t\t<h3 class=\"elementor-heading-title elementor-size-default\"><span class=\"highlight-underline\">PLOTANJE\/KOPIRANJE TEHNI\u010cNIH RISB<\/span><\/h3>\t\t\t\t<\/div>\n\t\t\t\t<\/div>\n\t\t\t\t<\/div>\n\t\t\t\t<div class=\"elementor-element elementor-element-fb6b024 elementor-widget elementor-widget-shortcode\" data-id=\"fb6b024\" data-element_type=\"widget\" data-widget_type=\"shortcode.default\">\n\t\t\t\t<div class=\"elementor-widget-container\">\n\t\t\t\t\t\t\t<div class=\"elementor-shortcode\">\n<table id=\"tablepress-6\" class=\"tablepress tablepress-id-6\">\n<thead>\n<tr class=\"row-1\">\n\t<th class=\"column-1\">Barvna pokritost<\/th><th class=\"column-2\">\u010crno-belo<\/th><th class=\"column-3\">Merska enota<\/th><th class=\"column-4\">V barvi<\/th>\n<\/tr>\n<\/thead>\n<tbody class=\"row-striping row-hover\">\n<tr class=\"row-2\">\n\t<td class=\"column-1\">Do 20%<\/td><td class=\"column-2\">3.80 \u20ac<\/td><td class=\"column-3\">m\u00b2<\/td><td class=\"column-4\">5.00 \u20ac<\/td>\n<\/tr>\n<tr class=\"row-3\">\n\t<td class=\"column-1\">20% \u2013 50%<\/td><td class=\"column-2\">6.00 \u20ac<\/td><td class=\"column-3\">m\u00b2<\/td><td class=\"column-4\">7.50 \u20ac<\/td>\n<\/tr>\n<tr class=\"row-4\">\n\t<td class=\"column-1\">Ve\u010d kot 50%<\/td><td class=\"column-2\">11.00 \u20ac<\/td><td class=\"column-3\">m\u00b2<\/td><td class=\"column-4\">15.00 \u20ac<\/td>\n<\/tr>\n<\/tbody>\n<\/table>\n<!-- #tablepress-6 from cache --><\/div>\n\t\t\t\t\t\t<\/div>\n\t\t\t\t<\/div>\n\t\t\t\t\t<\/div>\n\t\t\t\t<\/div>\n\t\t<div class=\"elementor-element elementor-element-7891203 e-flex e-con-boxed e-con e-parent\" data-id=\"7891203\" data-element_type=\"container\">\n\t\t\t\t\t<div class=\"e-con-inner\">\n\t\t<div class=\"elementor-element elementor-element-a658251 e-con-full e-flex e-con e-child\" data-id=\"a658251\" data-element_type=\"container\">\n\t\t\t\t<div class=\"elementor-element elementor-element-290d87e elementor-widget__width-initial elementor-widget elementor-widget-heading\" data-id=\"290d87e\" data-element_type=\"widget\" data-widget_type=\"heading.default\">\n\t\t\t\t<div class=\"elementor-widget-container\">\n\t\t\t\t\t<h2 class=\"elementor-heading-title elementor-size-default\">Brezpla\u010dna dostava <span class=\"highlight-underline\">nad 70 evrov<\/span><\/h2>\t\t\t\t<\/div>\n\t\t\t\t<\/div>\n\t\t\t\t<div class=\"elementor-element elementor-element-ac52524 elementor-widget-tablet__width-initial elementor-widget__width-initial elementor-widget elementor-widget-text-editor\" data-id=\"ac52524\" data-element_type=\"widget\" data-widget_type=\"text-editor.default\">\n\t\t\t\t<div class=\"elementor-widget-container\">\n\t\t\t\t\t\t\t\t\t<p>Naro\u010dene na\u010drte in dokumente vam hitro in varno dostavimo na va\u0161 naslov, kamor koli v Republiki Hrva\u0161ki. <strong data-start=\"214\" data-end=\"260\">Brezpla\u010dna dostava za naro\u010dila nad <b>70 evrov<\/b>. Prav tako je za naro\u010dila nad 100 evrov dostava brezpla\u010dna tudi po Sloveniji. <\/strong>Va\u0161e materiale skrbno zapakiramo in jih odpo\u0161ljemo v najkraj\u0161em mo\u017enem \u010dasu, da zagotovimo natan\u010dnost in pravo\u010dasnost dostave.<br \/><br data-start=\"387\" data-end=\"390\" \/>Sodelovanje z zanesljivimi dostavnimi slu\u017ebami zagotavlja, da bodo va\u0161e tehni\u010dne risbe prispele nepo\u0161kodovane in pripravljene za uporabo.<\/p>\t\t\t\t\t\t\t\t<\/div>\n\t\t\t\t<\/div>\n\t\t\t\t<div class=\"elementor-element elementor-element-d198cca elementor-widget elementor-widget-button\" data-id=\"d198cca\" data-element_type=\"widget\" data-widget_type=\"button.default\">\n\t\t\t\t<div class=\"elementor-widget-container\">\n\t\t\t\t\t\t\t\t\t<div class=\"elementor-button-wrapper\">\n\t\t\t\t\t<a class=\"elementor-button elementor-button-link elementor-size-sm\" href=\"https:\/\/plot-ex.hr\/sl\/cenik-storitev\/\">\n\t\t\t\t\t\t<span class=\"elementor-button-content-wrapper\">\n\t\t\t\t\t\t\t\t\t<span class=\"elementor-button-text\">Oglejte si cenik<\/span>\n\t\t\t\t\t<\/span>\n\t\t\t\t\t<\/a>\n\t\t\t\t<\/div>\n\t\t\t\t\t\t\t\t<\/div>\n\t\t\t\t<\/div>\n\t\t\t\t<\/div>\n\t\t<div class=\"elementor-element elementor-element-3701da9 e-con-full e-flex e-con e-child\" data-id=\"3701da9\" data-element_type=\"container\">\n\t\t\t\t<div class=\"elementor-element elementor-element-cbdf205 elementor-widget elementor-widget-image\" data-id=\"cbdf205\" data-element_type=\"widget\" data-widget_type=\"image.default\">\n\t\t\t\t<div class=\"elementor-widget-container\">\n\t\t\t\t\t\t\t\t\t\t\t\t\t\t\t<img decoding=\"async\" width=\"457\" height=\"369\" src=\"https:\/\/plot-ex.hr\/wp-content\/uploads\/2025\/05\/plot-ex-dostava-h.png\" class=\"attachment-large size-large wp-image-535\" alt=\"\" srcset=\"https:\/\/plot-ex.hr\/wp-content\/uploads\/2025\/05\/plot-ex-dostava-h.png 457w, https:\/\/plot-ex.hr\/wp-content\/uploads\/2025\/05\/plot-ex-dostava-h-300x242.png 300w\" sizes=\"(max-width: 457px) 100vw, 457px\" \/>\t\t\t\t\t\t\t\t\t\t\t\t\t\t\t<\/div>\n\t\t\t\t<\/div>\n\t\t\t\t<\/div>\n\t\t\t\t\t<\/div>\n\t\t\t\t<\/div>\n\t\t<div class=\"elementor-element elementor-element-5d44c21 e-con-full e-flex e-con e-parent\" data-id=\"5d44c21\" data-element_type=\"container\">\n\t\t<div class=\"elementor-element elementor-element-2577cdb e-con-full e-flex e-con e-child\" data-id=\"2577cdb\" data-element_type=\"container\">\n\t\t<div class=\"elementor-element elementor-element-3b62d28 e-con-full e-flex e-con e-child\" data-id=\"3b62d28\" data-element_type=\"container\">\n\t\t\t\t<div class=\"elementor-element elementor-element-9886fb0 image-shadow elementor-widget elementor-widget-image\" data-id=\"9886fb0\" data-element_type=\"widget\" data-widget_type=\"image.default\">\n\t\t\t\t<div class=\"elementor-widget-container\">\n\t\t\t\t\t\t\t\t\t\t\t\t\t\t\t\t<a href=\"https:\/\/plot-ex.hr\/sl\/prenos-osnutka\/\">\n\t\t\t\t\t\t\t<img decoding=\"async\" width=\"780\" height=\"557\" src=\"https:\/\/plot-ex.hr\/wp-content\/uploads\/2025\/10\/plot-ex-new-app_.png\" class=\"attachment-full size-full wp-image-1073\" alt=\"\" srcset=\"https:\/\/plot-ex.hr\/wp-content\/uploads\/2025\/10\/plot-ex-new-app_.png 780w, https:\/\/plot-ex.hr\/wp-content\/uploads\/2025\/10\/plot-ex-new-app_-300x214.png 300w, https:\/\/plot-ex.hr\/wp-content\/uploads\/2025\/10\/plot-ex-new-app_-768x548.png 768w, https:\/\/plot-ex.hr\/wp-content\/uploads\/2025\/10\/plot-ex-new-app_-18x12.png 18w\" sizes=\"(max-width: 780px) 100vw, 780px\" \/>\t\t\t\t\t\t\t\t<\/a>\n\t\t\t\t\t\t\t\t\t\t\t\t\t\t\t<\/div>\n\t\t\t\t<\/div>\n\t\t\t\t<\/div>\n\t\t<div class=\"elementor-element elementor-element-ceb1fad e-con-full e-flex e-con e-child\" data-id=\"ceb1fad\" data-element_type=\"container\" data-settings=\"{&quot;background_background&quot;:&quot;classic&quot;}\">\n\t\t\t\t<div class=\"elementor-element elementor-element-aebac3f elementor-widget__width-initial elementor-widget elementor-widget-heading\" data-id=\"aebac3f\" data-element_type=\"widget\" data-widget_type=\"heading.default\">\n\t\t\t\t<div class=\"elementor-widget-container\">\n\t\t\t\t\t<h4 class=\"elementor-heading-title elementor-size-default\"><span class=\"highlight-underline\">Po\u0161ljite nam svoje modele prek spleta<\/span><\/h4>\t\t\t\t<\/div>\n\t\t\t\t<\/div>\n\t\t\t\t<div class=\"elementor-element elementor-element-ab453b9 elementor-widget__width-initial elementor-widget elementor-widget-text-editor\" data-id=\"ab453b9\" data-element_type=\"widget\" data-widget_type=\"text-editor.default\">\n\t\t\t\t<div class=\"elementor-widget-container\">\n\t\t\t\t\t\t\t\t\t<p>Vi ustvarite ideje \u2013 mi jih natisnemo z natan\u010dnostjo, ki si jo zaslu\u017eijo. Prepustite nam na\u010drtovanje in postavitev, vi pa se osredoto\u010dite na tisto, kar je najpomembnej\u0161e: oblikovanje.<\/p>\t\t\t\t\t\t\t\t<\/div>\n\t\t\t\t<\/div>\n\t\t\t\t<div class=\"elementor-element elementor-element-7e63aaf elementor-widget elementor-widget-button\" data-id=\"7e63aaf\" data-element_type=\"widget\" data-widget_type=\"button.default\">\n\t\t\t\t<div class=\"elementor-widget-container\">\n\t\t\t\t\t\t\t\t\t<div class=\"elementor-button-wrapper\">\n\t\t\t\t\t<a class=\"elementor-button elementor-button-link elementor-size-sm\" href=\"https:\/\/plot-ex.hr\/sl\/prenos-osnutka\/\">\n\t\t\t\t\t\t<span class=\"elementor-button-content-wrapper\">\n\t\t\t\t\t\t\t\t\t<span class=\"elementor-button-text\">Po\u0161lji osnutke<\/span>\n\t\t\t\t\t<\/span>\n\t\t\t\t\t<\/a>\n\t\t\t\t<\/div>\n\t\t\t\t\t\t\t\t<\/div>\n\t\t\t\t<\/div>\n\t\t\t\t<\/div>\n\t\t\t\t<\/div>\n\t\t\t\t<\/div>\n\t\t\t\t<\/div>","protected":false},"excerpt":{"rendered":"<p>Specijalizirani smo za visokokvalitetan ispis tehni\u010dkih nacrta na 80 g\/m\u00b2 papiru, u crno-bijeloj ili kolor varijanti, do \u0161irine 1117,6 mm. Nacrte dodatno strojno formatiramo do 914,4 mm na formate A3 ili A4, koriste\u0107i vrhunski stroj njema\u010dke proizvodnje koji precizno, bez gu\u017evanja i savijanja, sla\u017ee svaki nacrt. Prije ispisa provjeravamo je li nacrt u to\u010dnom mjerilu, [&hellip;]<\/p>","protected":false},"author":1,"featured_media":711,"parent":0,"menu_order":0,"comment_status":"closed","ping_status":"closed","template":"elementor_header_footer","meta":{"footnotes":""},"class_list":["post-565","page","type-page","status-publish","has-post-thumbnail","hentry"],"yoast_head":"<!-- This site is optimized with the Yoast SEO plugin v26.8 - https:\/\/yoast.com\/product\/yoast-seo-wordpress\/ -->\n<title>Plotanje tehni\u010dkih nacrta - PLOT-EX<\/title>\n<meta name=\"description\" content=\"Visokokvalitetno plotanje i formatiranje nacrta do 1117 mm, DWG\/PDF. Brza isporuka, mogu\u0107nost slanja GLS-om, uvez i oja\u010diva\u010di po \u017eelji.\" \/>\n<meta name=\"robots\" content=\"index, follow, max-snippet:-1, max-image-preview:large, max-video-preview:-1\" \/>\n<link rel=\"canonical\" href=\"https:\/\/plot-ex.hr\/sl\/plotanje-tehnicnih-risb\/\" \/>\n<meta property=\"og:locale\" content=\"sl_SI\" \/>\n<meta property=\"og:type\" content=\"article\" \/>\n<meta property=\"og:title\" content=\"Plotanje tehni\u010dkih nacrta - PLOT-EX\" \/>\n<meta property=\"og:description\" content=\"Visokokvalitetno plotanje i formatiranje nacrta do 1117 mm, DWG\/PDF. Brza isporuka, mogu\u0107nost slanja GLS-om, uvez i oja\u010diva\u010di po \u017eelji.\" \/>\n<meta property=\"og:url\" content=\"https:\/\/plot-ex.hr\/sl\/plotanje-tehnicnih-risb\/\" \/>\n<meta property=\"og:site_name\" content=\"PLOT-EX\" \/>\n<meta property=\"article:modified_time\" content=\"2025-10-31T19:54:54+00:00\" \/>\n<meta property=\"og:image\" content=\"https:\/\/plot-ex.hr\/wp-content\/uploads\/2025\/05\/plot-ex-contact-c.jpg\" \/>\n\t<meta property=\"og:image:width\" content=\"1024\" \/>\n\t<meta property=\"og:image:height\" content=\"1024\" \/>\n\t<meta property=\"og:image:type\" content=\"image\/jpeg\" \/>\n<meta name=\"twitter:card\" content=\"summary_large_image\" \/>\n<meta name=\"twitter:label1\" content=\"Est. reading time\" \/>\n\t<meta name=\"twitter:data1\" content=\"3 minute\" \/>\n<script type=\"application\/ld+json\" class=\"yoast-schema-graph\">{\"@context\":\"https:\/\/schema.org\",\"@graph\":[{\"@type\":\"WebPage\",\"@id\":\"https:\/\/plot-ex.hr\/plotanje-tehnickih-nacrta\/\",\"url\":\"https:\/\/plot-ex.hr\/plotanje-tehnickih-nacrta\/\",\"name\":\"Plotanje tehni\u010dkih nacrta - PLOT-EX\",\"isPartOf\":{\"@id\":\"https:\/\/plot-ex.hr\/#website\"},\"primaryImageOfPage\":{\"@id\":\"https:\/\/plot-ex.hr\/plotanje-tehnickih-nacrta\/#primaryimage\"},\"image\":{\"@id\":\"https:\/\/plot-ex.hr\/plotanje-tehnickih-nacrta\/#primaryimage\"},\"thumbnailUrl\":\"https:\/\/plot-ex.hr\/wp-content\/uploads\/2025\/05\/plot-ex-contact-c.jpg\",\"datePublished\":\"2025-05-14T09:38:40+00:00\",\"dateModified\":\"2025-10-31T19:54:54+00:00\",\"description\":\"Visokokvalitetno plotanje i formatiranje nacrta do 1117 mm, DWG\/PDF. Brza isporuka, mogu\u0107nost slanja GLS-om, uvez i oja\u010diva\u010di po \u017eelji.\",\"breadcrumb\":{\"@id\":\"https:\/\/plot-ex.hr\/plotanje-tehnickih-nacrta\/#breadcrumb\"},\"inLanguage\":\"sl-SI\",\"potentialAction\":[{\"@type\":\"ReadAction\",\"target\":[\"https:\/\/plot-ex.hr\/plotanje-tehnickih-nacrta\/\"]}]},{\"@type\":\"ImageObject\",\"inLanguage\":\"sl-SI\",\"@id\":\"https:\/\/plot-ex.hr\/plotanje-tehnickih-nacrta\/#primaryimage\",\"url\":\"https:\/\/plot-ex.hr\/wp-content\/uploads\/2025\/05\/plot-ex-contact-c.jpg\",\"contentUrl\":\"https:\/\/plot-ex.hr\/wp-content\/uploads\/2025\/05\/plot-ex-contact-c.jpg\",\"width\":1024,\"height\":1024},{\"@type\":\"BreadcrumbList\",\"@id\":\"https:\/\/plot-ex.hr\/plotanje-tehnickih-nacrta\/#breadcrumb\",\"itemListElement\":[{\"@type\":\"ListItem\",\"position\":1,\"name\":\"Po\u010detna stranica\",\"item\":\"https:\/\/plot-ex.hr\/\"},{\"@type\":\"ListItem\",\"position\":2,\"name\":\"Plotanje tehni\u010dkih nacrta\"}]},{\"@type\":\"WebSite\",\"@id\":\"https:\/\/plot-ex.hr\/#website\",\"url\":\"https:\/\/plot-ex.hr\/\",\"name\":\"PLOT-EX\",\"description\":\"\",\"publisher\":{\"@id\":\"https:\/\/plot-ex.hr\/#organization\"},\"potentialAction\":[{\"@type\":\"SearchAction\",\"target\":{\"@type\":\"EntryPoint\",\"urlTemplate\":\"https:\/\/plot-ex.hr\/?s={search_term_string}\"},\"query-input\":{\"@type\":\"PropertyValueSpecification\",\"valueRequired\":true,\"valueName\":\"search_term_string\"}}],\"inLanguage\":\"sl-SI\"},{\"@type\":\"Organization\",\"@id\":\"https:\/\/plot-ex.hr\/#organization\",\"name\":\"PLOT-EX\",\"url\":\"https:\/\/plot-ex.hr\/\",\"logo\":{\"@type\":\"ImageObject\",\"inLanguage\":\"sl-SI\",\"@id\":\"https:\/\/plot-ex.hr\/#\/schema\/logo\/image\/\",\"url\":\"https:\/\/plot-ex.hr\/wp-content\/uploads\/2025\/05\/plot-ex-logo-blue-bg.svg\",\"contentUrl\":\"https:\/\/plot-ex.hr\/wp-content\/uploads\/2025\/05\/plot-ex-logo-blue-bg.svg\",\"caption\":\"PLOT-EX\"},\"image\":{\"@id\":\"https:\/\/plot-ex.hr\/#\/schema\/logo\/image\/\"}}]}<\/script>\n<!-- \/ Yoast SEO plugin. -->","yoast_head_json":{"title":"Plotanje tehni\u010dnih risb - PLOT-EX","description":"Visokokakovostno izrisovanje in oblikovanje risb do 1117 mm, DWG\/PDF. Hitra dostava, mo\u017enost po\u0161iljanja z GLS, vezava in oja\u010ditve po \u017eelji.","robots":{"index":"index","follow":"follow","max-snippet":"max-snippet:-1","max-image-preview":"max-image-preview:large","max-video-preview":"max-video-preview:-1"},"canonical":"https:\/\/plot-ex.hr\/sl\/plotanje-tehnicnih-risb\/","og_locale":"sl_SI","og_type":"article","og_title":"Plotanje tehni\u010dkih nacrta - PLOT-EX","og_description":"Visokokvalitetno plotanje i formatiranje nacrta do 1117 mm, DWG\/PDF. Brza isporuka, mogu\u0107nost slanja GLS-om, uvez i oja\u010diva\u010di po \u017eelji.","og_url":"https:\/\/plot-ex.hr\/sl\/plotanje-tehnicnih-risb\/","og_site_name":"PLOT-EX","article_modified_time":"2025-10-31T19:54:54+00:00","og_image":[{"width":1024,"height":1024,"url":"https:\/\/plot-ex.hr\/wp-content\/uploads\/2025\/05\/plot-ex-contact-c.jpg","type":"image\/jpeg"}],"twitter_card":"summary_large_image","twitter_misc":{"Est. reading time":"3 minute"},"schema":{"@context":"https:\/\/schema.org","@graph":[{"@type":"WebPage","@id":"https:\/\/plot-ex.hr\/plotanje-tehnickih-nacrta\/","url":"https:\/\/plot-ex.hr\/plotanje-tehnickih-nacrta\/","name":"Plotanje tehni\u010dnih risb - PLOT-EX","isPartOf":{"@id":"https:\/\/plot-ex.hr\/#website"},"primaryImageOfPage":{"@id":"https:\/\/plot-ex.hr\/plotanje-tehnickih-nacrta\/#primaryimage"},"image":{"@id":"https:\/\/plot-ex.hr\/plotanje-tehnickih-nacrta\/#primaryimage"},"thumbnailUrl":"https:\/\/plot-ex.hr\/wp-content\/uploads\/2025\/05\/plot-ex-contact-c.jpg","datePublished":"2025-05-14T09:38:40+00:00","dateModified":"2025-10-31T19:54:54+00:00","description":"Visokokakovostno izrisovanje in oblikovanje risb do 1117 mm, DWG\/PDF. Hitra dostava, mo\u017enost po\u0161iljanja z GLS, vezava in oja\u010ditve po \u017eelji.","breadcrumb":{"@id":"https:\/\/plot-ex.hr\/plotanje-tehnickih-nacrta\/#breadcrumb"},"inLanguage":"sl-SI","potentialAction":[{"@type":"ReadAction","target":["https:\/\/plot-ex.hr\/plotanje-tehnickih-nacrta\/"]}]},{"@type":"ImageObject","inLanguage":"sl-SI","@id":"https:\/\/plot-ex.hr\/plotanje-tehnickih-nacrta\/#primaryimage","url":"https:\/\/plot-ex.hr\/wp-content\/uploads\/2025\/05\/plot-ex-contact-c.jpg","contentUrl":"https:\/\/plot-ex.hr\/wp-content\/uploads\/2025\/05\/plot-ex-contact-c.jpg","width":1024,"height":1024},{"@type":"BreadcrumbList","@id":"https:\/\/plot-ex.hr\/plotanje-tehnickih-nacrta\/#breadcrumb","itemListElement":[{"@type":"ListItem","position":1,"name":"Po\u010detna stranica","item":"https:\/\/plot-ex.hr\/"},{"@type":"ListItem","position":2,"name":"Plotanje tehni\u010dkih nacrta"}]},{"@type":"WebSite","@id":"https:\/\/plot-ex.hr\/#website","url":"https:\/\/plot-ex.hr\/","name":"PLOT-EX","description":"","publisher":{"@id":"https:\/\/plot-ex.hr\/#organization"},"potentialAction":[{"@type":"SearchAction","target":{"@type":"EntryPoint","urlTemplate":"https:\/\/plot-ex.hr\/?s={search_term_string}"},"query-input":{"@type":"PropertyValueSpecification","valueRequired":true,"valueName":"search_term_string"}}],"inLanguage":"sl-SI"},{"@type":"Organization","@id":"https:\/\/plot-ex.hr\/#organization","name":"PLOT-EX","url":"https:\/\/plot-ex.hr\/","logo":{"@type":"ImageObject","inLanguage":"sl-SI","@id":"https:\/\/plot-ex.hr\/#\/schema\/logo\/image\/","url":"https:\/\/plot-ex.hr\/wp-content\/uploads\/2025\/05\/plot-ex-logo-blue-bg.svg","contentUrl":"https:\/\/plot-ex.hr\/wp-content\/uploads\/2025\/05\/plot-ex-logo-blue-bg.svg","caption":"PLOT-EX"},"image":{"@id":"https:\/\/plot-ex.hr\/#\/schema\/logo\/image\/"}}]}},"_links":{"self":[{"href":"https:\/\/plot-ex.hr\/sl\/wp-json\/wp\/v2\/pages\/565","targetHints":{"allow":["GET"]}}],"collection":[{"href":"https:\/\/plot-ex.hr\/sl\/wp-json\/wp\/v2\/pages"}],"about":[{"href":"https:\/\/plot-ex.hr\/sl\/wp-json\/wp\/v2\/types\/page"}],"author":[{"embeddable":true,"href":"https:\/\/plot-ex.hr\/sl\/wp-json\/wp\/v2\/users\/1"}],"replies":[{"embeddable":true,"href":"https:\/\/plot-ex.hr\/sl\/wp-json\/wp\/v2\/comments?post=565"}],"version-history":[{"count":70,"href":"https:\/\/plot-ex.hr\/sl\/wp-json\/wp\/v2\/pages\/565\/revisions"}],"predecessor-version":[{"id":1076,"href":"https:\/\/plot-ex.hr\/sl\/wp-json\/wp\/v2\/pages\/565\/revisions\/1076"}],"wp:featuredmedia":[{"embeddable":true,"href":"https:\/\/plot-ex.hr\/sl\/wp-json\/wp\/v2\/media\/711"}],"wp:attachment":[{"href":"https:\/\/plot-ex.hr\/sl\/wp-json\/wp\/v2\/media?parent=565"}],"curies":[{"name":"delovni list","href":"https:\/\/api.w.org\/{rel}","templated":true}]}}