{"id":9,"date":"2025-05-12T18:02:38","date_gmt":"2025-05-12T16:02:38","guid":{"rendered":"https:\/\/plot-ex.hr\/?page_id=9"},"modified":"2025-10-31T20:55:32","modified_gmt":"2025-10-31T19:55:32","slug":"plot-ex","status":"publish","type":"page","link":"https:\/\/plot-ex.hr\/sl\/","title":{"rendered":"Risanje, kopiranje in oblikovanje risb velikega formata"},"content":{"rendered":"<div data-elementor-type=\"wp-page\" data-elementor-id=\"9\" class=\"elementor elementor-9\" data-elementor-post-type=\"page\">\n\t\t\t\t<div class=\"elementor-element elementor-element-ce76b85 e-flex e-con-boxed e-con e-parent\" data-id=\"ce76b85\" data-element_type=\"container\" data-settings=\"{&quot;background_background&quot;:&quot;classic&quot;}\">\n\t\t\t\t\t<div class=\"e-con-inner\">\n\t\t<div class=\"elementor-element elementor-element-36ff5db e-con-full e-flex e-con e-child\" data-id=\"36ff5db\" data-element_type=\"container\">\n\t\t\t\t<div class=\"elementor-element elementor-element-a5ee227 elementor-widget__width-initial elementor-widget elementor-widget-heading\" data-id=\"a5ee227\" data-element_type=\"widget\" data-widget_type=\"heading.default\">\n\t\t\t\t<div class=\"elementor-widget-container\">\n\t\t\t\t\t<h1 class=\"elementor-heading-title elementor-size-default translation-block\">Profesionalno <span class=\"highlight-underline\">plotanje<\/span>  in  <span class=\"highlight-underline\">kopiranje<\/span> tehni\u010dne risbe<\/h1>\t\t\t\t<\/div>\n\t\t\t\t<\/div>\n\t\t\t\t<div class=\"elementor-element elementor-element-02c9ef3 elementor-widget__width-initial elementor-widget elementor-widget-text-editor\" data-id=\"02c9ef3\" data-element_type=\"widget\" data-widget_type=\"text-editor.default\">\n\t\t\t\t<div class=\"elementor-widget-container\">\n\t\t\t\t\t\t\t\t\t<p>Hitra in natan\u010dna izdelava tehni\u010dnih risb velikega formata. Ve\u010d kot 1000 uspe\u0161no zaklju\u010denih projektov - natan\u010dnost, kakovost in ugodne cene na enem mestu.<\/p>\t\t\t\t\t\t\t\t<\/div>\n\t\t\t\t<\/div>\n\t\t\t\t<div class=\"elementor-element elementor-element-089a362 elementor-widget elementor-widget-button\" data-id=\"089a362\" data-element_type=\"widget\" data-widget_type=\"button.default\">\n\t\t\t\t<div class=\"elementor-widget-container\">\n\t\t\t\t\t\t\t\t\t<div class=\"elementor-button-wrapper\">\n\t\t\t\t\t<a class=\"elementor-button elementor-button-link elementor-size-sm\" href=\"https:\/\/plot-ex.hr\/sl\/stik\/\">\n\t\t\t\t\t\t<span class=\"elementor-button-content-wrapper\">\n\t\t\t\t\t\t\t\t\t<span class=\"elementor-button-text\">Zahtevajte ponudbo<\/span>\n\t\t\t\t\t<\/span>\n\t\t\t\t\t<\/a>\n\t\t\t\t<\/div>\n\t\t\t\t\t\t\t\t<\/div>\n\t\t\t\t<\/div>\n\t\t\t\t<\/div>\n\t\t<div class=\"elementor-element elementor-element-ab4450f e-con-full e-flex e-con e-child\" data-id=\"ab4450f\" data-element_type=\"container\">\n\t\t\t\t<div class=\"elementor-element elementor-element-6712fab elementor-widget elementor-widget-image\" data-id=\"6712fab\" data-element_type=\"widget\" data-widget_type=\"image.default\">\n\t\t\t\t<div class=\"elementor-widget-container\">\n\t\t\t\t\t\t\t\t\t\t\t\t\t\t\t<img fetchpriority=\"high\" decoding=\"async\" width=\"667\" height=\"571\" src=\"https:\/\/plot-ex.hr\/wp-content\/uploads\/2025\/05\/ploter-cdc.png\" class=\"attachment-full size-full wp-image-778\" alt=\"\" srcset=\"https:\/\/plot-ex.hr\/wp-content\/uploads\/2025\/05\/ploter-cdc.png 667w, https:\/\/plot-ex.hr\/wp-content\/uploads\/2025\/05\/ploter-cdc-300x257.png 300w\" sizes=\"(max-width: 667px) 100vw, 667px\" \/>\t\t\t\t\t\t\t\t\t\t\t\t\t\t\t<\/div>\n\t\t\t\t<\/div>\n\t\t\t\t<\/div>\n\t\t\t\t\t<\/div>\n\t\t\t\t<\/div>\n\t\t<div class=\"elementor-element elementor-element-7fb2f3d e-flex e-con-boxed e-con e-parent\" data-id=\"7fb2f3d\" data-element_type=\"container\">\n\t\t\t\t\t<div class=\"e-con-inner\">\n\t\t<div class=\"elementor-element elementor-element-4dcebe7 e-con-full e-flex e-con e-child\" data-id=\"4dcebe7\" data-element_type=\"container\">\n\t\t\t\t<div class=\"elementor-element elementor-element-1593672 elementor-widget__width-initial elementor-widget elementor-widget-heading\" data-id=\"1593672\" data-element_type=\"widget\" data-widget_type=\"heading.default\">\n\t\t\t\t<div class=\"elementor-widget-container\">\n\t\t\t\t\t<h2 class=\"elementor-heading-title elementor-size-default\">Brezpla\u010dna dostava <span class=\"highlight-underline\">nad 70 evrov<\/span><\/h2>\t\t\t\t<\/div>\n\t\t\t\t<\/div>\n\t\t\t\t<div class=\"elementor-element elementor-element-d305aef elementor-widget__width-initial elementor-widget elementor-widget-text-editor\" data-id=\"d305aef\" data-element_type=\"widget\" data-widget_type=\"text-editor.default\">\n\t\t\t\t<div class=\"elementor-widget-container\">\n\t\t\t\t\t\t\t\t\t<p>Naro\u010dene na\u010drte in dokumente vam hitro in varno dostavimo na va\u0161 naslov, kamor koli v Republiki Hrva\u0161ki. <strong data-start=\"214\" data-end=\"260\">Brezpla\u010dna dostava za naro\u010dila nad <b>70 evrov<\/b>. Prav tako je za naro\u010dila nad 100 evrov dostava brezpla\u010dna tudi po Sloveniji. <\/strong>Va\u0161e materiale skrbno zapakiramo in jih odpo\u0161ljemo v najkraj\u0161em mo\u017enem \u010dasu, da zagotovimo natan\u010dnost in pravo\u010dasnost dostave.<br \/><br data-start=\"387\" data-end=\"390\" \/>Sodelovanje z zanesljivimi dostavnimi slu\u017ebami zagotavlja, da bodo va\u0161e tehni\u010dne risbe prispele nepo\u0161kodovane in pripravljene za uporabo.<\/p>\t\t\t\t\t\t\t\t<\/div>\n\t\t\t\t<\/div>\n\t\t\t\t<div class=\"elementor-element elementor-element-dbd3577 elementor-widget elementor-widget-button\" data-id=\"dbd3577\" data-element_type=\"widget\" data-widget_type=\"button.default\">\n\t\t\t\t<div class=\"elementor-widget-container\">\n\t\t\t\t\t\t\t\t\t<div class=\"elementor-button-wrapper\">\n\t\t\t\t\t<a class=\"elementor-button elementor-button-link elementor-size-sm\" href=\"https:\/\/plot-ex.hr\/sl\/cenik-storitev\/\">\n\t\t\t\t\t\t<span class=\"elementor-button-content-wrapper\">\n\t\t\t\t\t\t\t\t\t<span class=\"elementor-button-text\">Oglejte si cenik<\/span>\n\t\t\t\t\t<\/span>\n\t\t\t\t\t<\/a>\n\t\t\t\t<\/div>\n\t\t\t\t\t\t\t\t<\/div>\n\t\t\t\t<\/div>\n\t\t\t\t<\/div>\n\t\t<div class=\"elementor-element elementor-element-e8b2bf8 e-con-full e-flex e-con e-child\" data-id=\"e8b2bf8\" data-element_type=\"container\">\n\t\t\t\t<div class=\"elementor-element elementor-element-9f63b72 image-hover elementor-widget elementor-widget-image\" data-id=\"9f63b72\" data-element_type=\"widget\" data-widget_type=\"image.default\">\n\t\t\t\t<div class=\"elementor-widget-container\">\n\t\t\t\t\t\t\t\t\t\t\t\t\t\t\t<img decoding=\"async\" width=\"800\" height=\"800\" src=\"https:\/\/plot-ex.hr\/wp-content\/uploads\/2025\/05\/out-3-3.webp\" class=\"attachment-large size-large wp-image-309\" alt=\"\" srcset=\"https:\/\/plot-ex.hr\/wp-content\/uploads\/2025\/05\/out-3-3.webp 1024w, https:\/\/plot-ex.hr\/wp-content\/uploads\/2025\/05\/out-3-3-300x300.webp 300w, https:\/\/plot-ex.hr\/wp-content\/uploads\/2025\/05\/out-3-3-150x150.webp 150w, https:\/\/plot-ex.hr\/wp-content\/uploads\/2025\/05\/out-3-3-768x768.webp 768w\" sizes=\"(max-width: 800px) 100vw, 800px\" \/>\t\t\t\t\t\t\t\t\t\t\t\t\t\t\t<\/div>\n\t\t\t\t<\/div>\n\t\t\t\t<\/div>\n\t\t\t\t\t<\/div>\n\t\t\t\t<\/div>\n\t\t<div class=\"elementor-element elementor-element-6555cc6 e-flex e-con-boxed e-con e-parent\" data-id=\"6555cc6\" data-element_type=\"container\">\n\t\t\t\t\t<div class=\"e-con-inner\">\n\t\t<div class=\"elementor-element elementor-element-bed7742 e-con-full e-flex e-con e-child\" data-id=\"bed7742\" data-element_type=\"container\">\n\t\t\t\t<div class=\"elementor-element elementor-element-f4be40b image-hover elementor-widget elementor-widget-image\" data-id=\"f4be40b\" data-element_type=\"widget\" data-widget_type=\"image.default\">\n\t\t\t\t<div class=\"elementor-widget-container\">\n\t\t\t\t\t\t\t\t\t\t\t\t\t\t\t<img decoding=\"async\" width=\"800\" height=\"800\" src=\"https:\/\/plot-ex.hr\/wp-content\/uploads\/2025\/05\/plot-ex-contact-c.jpg\" class=\"attachment-large size-large wp-image-711\" alt=\"\" srcset=\"https:\/\/plot-ex.hr\/wp-content\/uploads\/2025\/05\/plot-ex-contact-c.jpg 1024w, https:\/\/plot-ex.hr\/wp-content\/uploads\/2025\/05\/plot-ex-contact-c-300x300.jpg 300w, https:\/\/plot-ex.hr\/wp-content\/uploads\/2025\/05\/plot-ex-contact-c-150x150.jpg 150w, https:\/\/plot-ex.hr\/wp-content\/uploads\/2025\/05\/plot-ex-contact-c-768x768.jpg 768w\" sizes=\"(max-width: 800px) 100vw, 800px\" \/>\t\t\t\t\t\t\t\t\t\t\t\t\t\t\t<\/div>\n\t\t\t\t<\/div>\n\t\t\t\t<\/div>\n\t\t<div class=\"elementor-element elementor-element-2e6fd0c e-con-full e-flex e-con e-child\" data-id=\"2e6fd0c\" data-element_type=\"container\">\n\t\t\t\t<div class=\"elementor-element elementor-element-d071eea elementor-widget__width-initial elementor-widget elementor-widget-heading\" data-id=\"d071eea\" data-element_type=\"widget\" data-widget_type=\"heading.default\">\n\t\t\t\t<div class=\"elementor-widget-container\">\n\t\t\t\t\t<h3 class=\"elementor-heading-title elementor-size-default\"><span class=\"highlight-underline\">Na\u0161e storitve<\/span>\n<\/h3>\t\t\t\t<\/div>\n\t\t\t\t<\/div>\n\t\t\t\t<div class=\"elementor-element elementor-element-8f72d3f elementor-widget__width-initial elementor-widget elementor-widget-text-editor\" data-id=\"8f72d3f\" data-element_type=\"widget\" data-widget_type=\"text-editor.default\">\n\t\t\t\t<div class=\"elementor-widget-container\">\n\t\t\t\t\t\t\t\t\t<p>Ukvarjamo se z izrisom, kopiranjem in oblikovanjem risb velikega formata. Sodelujemo z ve\u010d kot 50 projektnimi pisarnami po vsej Republiki Hrva\u0161ki. Uporabljamo le visokokakovostne materiale in ponujamo vrhunsko natan\u010dnost tiska. Z ve\u010d kot 1000 dostavljenimi tehni\u010dnimi projekti vemo, kaj pomeni zanesljivost v vsakem milimetru. Za visokokakovostno in natan\u010dno delo uporabljamo profesionalne programe, kot so: AutoCad, Adobe Acrobat XI Pro, Poster Artist in drugi.<\/p>\t\t\t\t\t\t\t\t<\/div>\n\t\t\t\t<\/div>\n\t\t\t\t<div class=\"elementor-element elementor-element-12ebf4f elementor-icon-list--layout-traditional elementor-list-item-link-full_width elementor-widget elementor-widget-icon-list\" data-id=\"12ebf4f\" data-element_type=\"widget\" data-widget_type=\"icon-list.default\">\n\t\t\t\t<div class=\"elementor-widget-container\">\n\t\t\t\t\t\t\t<ul class=\"elementor-icon-list-items\">\n\t\t\t\t\t\t\t<li class=\"elementor-icon-list-item\">\n\t\t\t\t\t\t\t\t\t\t\t<span class=\"elementor-icon-list-icon\">\n\t\t\t\t\t\t\t<svg aria-hidden=\"true\" class=\"e-font-icon-svg e-fas-check\" viewbox=\"0 0 512 512\" xmlns=\"http:\/\/www.w3.org\/2000\/svg\"><path d=\"M173.898 439.404l-166.4-166.4c-9.997-9.997-9.997-26.206 0-36.204l36.203-36.204c9.997-9.998 26.207-9.998 36.204 0L192 312.69 432.095 72.596c9.997-9.997 26.207-9.997 36.204 0l36.203 36.204c9.997 9.997 9.997 26.206 0 36.204l-294.4 294.401c-9.998 9.997-26.207 9.997-36.204-.001z\"><\/path><\/svg>\t\t\t\t\t\t<\/span>\n\t\t\t\t\t\t\t\t\t\t<span class=\"elementor-icon-list-text\">Risanje \/ kopiranje<\/span>\n\t\t\t\t\t\t\t\t\t<\/li>\n\t\t\t\t\t\t\t\t<li class=\"elementor-icon-list-item\">\n\t\t\t\t\t\t\t\t\t\t\t<span class=\"elementor-icon-list-icon\">\n\t\t\t\t\t\t\t<svg aria-hidden=\"true\" class=\"e-font-icon-svg e-fas-check\" viewbox=\"0 0 512 512\" xmlns=\"http:\/\/www.w3.org\/2000\/svg\"><path d=\"M173.898 439.404l-166.4-166.4c-9.997-9.997-9.997-26.206 0-36.204l36.203-36.204c9.997-9.998 26.207-9.998 36.204 0L192 312.69 432.095 72.596c9.997-9.997 26.207-9.997 36.204 0l36.203 36.204c9.997 9.997 9.997 26.206 0 36.204l-294.4 294.401c-9.998 9.997-26.207 9.997-36.204-.001z\"><\/path><\/svg>\t\t\t\t\t\t<\/span>\n\t\t\t\t\t\t\t\t\t\t<span class=\"elementor-icon-list-text\">Tiskanje \/ kopiranje<\/span>\n\t\t\t\t\t\t\t\t\t<\/li>\n\t\t\t\t\t\t\t\t<li class=\"elementor-icon-list-item\">\n\t\t\t\t\t\t\t\t\t\t\t<span class=\"elementor-icon-list-icon\">\n\t\t\t\t\t\t\t<svg aria-hidden=\"true\" class=\"e-font-icon-svg e-fas-check\" viewbox=\"0 0 512 512\" xmlns=\"http:\/\/www.w3.org\/2000\/svg\"><path d=\"M173.898 439.404l-166.4-166.4c-9.997-9.997-9.997-26.206 0-36.204l36.203-36.204c9.997-9.998 26.207-9.998 36.204 0L192 312.69 432.095 72.596c9.997-9.997 26.207-9.997 36.204 0l36.203 36.204c9.997 9.997 9.997 26.206 0 36.204l-294.4 294.401c-9.998 9.997-26.207 9.997-36.204-.001z\"><\/path><\/svg>\t\t\t\t\t\t<\/span>\n\t\t\t\t\t\t\t\t\t\t<span class=\"elementor-icon-list-text\">Skeniranje<\/span>\n\t\t\t\t\t\t\t\t\t<\/li>\n\t\t\t\t\t\t\t\t<li class=\"elementor-icon-list-item\">\n\t\t\t\t\t\t\t\t\t\t\t<span class=\"elementor-icon-list-icon\">\n\t\t\t\t\t\t\t<svg aria-hidden=\"true\" class=\"e-font-icon-svg e-fas-check\" viewbox=\"0 0 512 512\" xmlns=\"http:\/\/www.w3.org\/2000\/svg\"><path d=\"M173.898 439.404l-166.4-166.4c-9.997-9.997-9.997-26.206 0-36.204l36.203-36.204c9.997-9.998 26.207-9.998 36.204 0L192 312.69 432.095 72.596c9.997-9.997 26.207-9.997 36.204 0l36.203 36.204c9.997 9.997 9.997 26.206 0 36.204l-294.4 294.401c-9.998 9.997-26.207 9.997-36.204-.001z\"><\/path><\/svg>\t\t\t\t\t\t<\/span>\n\t\t\t\t\t\t\t\t\t\t<span class=\"elementor-icon-list-text\">Druge storitve<\/span>\n\t\t\t\t\t\t\t\t\t<\/li>\n\t\t\t\t\t\t<\/ul>\n\t\t\t\t\t\t<\/div>\n\t\t\t\t<\/div>\n\t\t\t\t<div class=\"elementor-element elementor-element-e73b4c2 elementor-widget elementor-widget-button\" data-id=\"e73b4c2\" data-element_type=\"widget\" data-widget_type=\"button.default\">\n\t\t\t\t<div class=\"elementor-widget-container\">\n\t\t\t\t\t\t\t\t\t<div class=\"elementor-button-wrapper\">\n\t\t\t\t\t<a class=\"elementor-button elementor-button-link elementor-size-sm\" href=\"https:\/\/plot-ex.hr\/sl\/plotanje-tehnicnih-risb\/\">\n\t\t\t\t\t\t<span class=\"elementor-button-content-wrapper\">\n\t\t\t\t\t\t\t\t\t<span class=\"elementor-button-text\">Izvedite ve\u010d<\/span>\n\t\t\t\t\t<\/span>\n\t\t\t\t\t<\/a>\n\t\t\t\t<\/div>\n\t\t\t\t\t\t\t\t<\/div>\n\t\t\t\t<\/div>\n\t\t\t\t<\/div>\n\t\t\t\t\t<\/div>\n\t\t\t\t<\/div>\n\t\t<div class=\"elementor-element elementor-element-34d4c59 e-con-full e-flex e-con e-parent\" data-id=\"34d4c59\" data-element_type=\"container\">\n\t\t<div class=\"elementor-element elementor-element-6b84d55 e-con-full e-flex e-con e-child\" data-id=\"6b84d55\" data-element_type=\"container\">\n\t\t<div class=\"elementor-element elementor-element-6de2167 e-con-full e-flex e-con e-child\" data-id=\"6de2167\" data-element_type=\"container\">\n\t\t\t\t<div class=\"elementor-element elementor-element-a72594c image-shadow elementor-widget elementor-widget-image\" data-id=\"a72594c\" data-element_type=\"widget\" data-widget_type=\"image.default\">\n\t\t\t\t<div class=\"elementor-widget-container\">\n\t\t\t\t\t\t\t\t\t\t\t\t\t\t\t\t<a href=\"https:\/\/plot-ex.hr\/sl\/prenos-osnutka\/\">\n\t\t\t\t\t\t\t<img loading=\"lazy\" decoding=\"async\" width=\"780\" height=\"557\" src=\"https:\/\/plot-ex.hr\/wp-content\/uploads\/2025\/10\/plot-ex-new-app_.png\" class=\"attachment-full size-full wp-image-1073\" alt=\"\" srcset=\"https:\/\/plot-ex.hr\/wp-content\/uploads\/2025\/10\/plot-ex-new-app_.png 780w, https:\/\/plot-ex.hr\/wp-content\/uploads\/2025\/10\/plot-ex-new-app_-300x214.png 300w, https:\/\/plot-ex.hr\/wp-content\/uploads\/2025\/10\/plot-ex-new-app_-768x548.png 768w, https:\/\/plot-ex.hr\/wp-content\/uploads\/2025\/10\/plot-ex-new-app_-18x12.png 18w\" sizes=\"(max-width: 780px) 100vw, 780px\" \/>\t\t\t\t\t\t\t\t<\/a>\n\t\t\t\t\t\t\t\t\t\t\t\t\t\t\t<\/div>\n\t\t\t\t<\/div>\n\t\t\t\t<\/div>\n\t\t<div class=\"elementor-element elementor-element-bc81c0d e-con-full e-flex e-con e-child\" data-id=\"bc81c0d\" data-element_type=\"container\" data-settings=\"{&quot;background_background&quot;:&quot;classic&quot;}\">\n\t\t\t\t<div class=\"elementor-element elementor-element-335e083 elementor-widget__width-initial elementor-widget elementor-widget-heading\" data-id=\"335e083\" data-element_type=\"widget\" data-widget_type=\"heading.default\">\n\t\t\t\t<div class=\"elementor-widget-container\">\n\t\t\t\t\t<h4 class=\"elementor-heading-title elementor-size-default\"><span class=\"highlight-underline\">Po\u0161ljite nam svoje modele prek spleta<\/span><\/h4>\t\t\t\t<\/div>\n\t\t\t\t<\/div>\n\t\t\t\t<div class=\"elementor-element elementor-element-ff20b57 elementor-widget__width-initial elementor-widget elementor-widget-text-editor\" data-id=\"ff20b57\" data-element_type=\"widget\" data-widget_type=\"text-editor.default\">\n\t\t\t\t<div class=\"elementor-widget-container\">\n\t\t\t\t\t\t\t\t\t<p>Vi ustvarite ideje \u2013 mi jih natisnemo z natan\u010dnostjo, ki si jo zaslu\u017eijo. Prepustite nam na\u010drtovanje in postavitev, vi pa se osredoto\u010dite na tisto, kar je najpomembnej\u0161e: oblikovanje.<\/p>\t\t\t\t\t\t\t\t<\/div>\n\t\t\t\t<\/div>\n\t\t\t\t<div class=\"elementor-element elementor-element-26db420 elementor-widget elementor-widget-button\" data-id=\"26db420\" data-element_type=\"widget\" data-widget_type=\"button.default\">\n\t\t\t\t<div class=\"elementor-widget-container\">\n\t\t\t\t\t\t\t\t\t<div class=\"elementor-button-wrapper\">\n\t\t\t\t\t<a class=\"elementor-button elementor-button-link elementor-size-sm\" href=\"https:\/\/plot-ex.hr\/sl\/prenos-osnutka\/\">\n\t\t\t\t\t\t<span class=\"elementor-button-content-wrapper\">\n\t\t\t\t\t\t\t\t\t<span class=\"elementor-button-text\">Po\u0161lji osnutke<\/span>\n\t\t\t\t\t<\/span>\n\t\t\t\t\t<\/a>\n\t\t\t\t<\/div>\n\t\t\t\t\t\t\t\t<\/div>\n\t\t\t\t<\/div>\n\t\t\t\t<\/div>\n\t\t\t\t<\/div>\n\t\t\t\t<\/div>\n\t\t\t\t<\/div>","protected":false},"excerpt":{"rendered":"<p>Risanje, kopiranje, oblikovanje risb velikega formata. Posvetite svoj \u010das oblikovanju in prepustite risanje nam.<\/p>","protected":false},"author":1,"featured_media":711,"parent":0,"menu_order":0,"comment_status":"closed","ping_status":"closed","template":"elementor_header_footer","meta":{"footnotes":""},"class_list":["post-9","page","type-page","status-publish","has-post-thumbnail","hentry"],"yoast_head":"<!-- This site is optimized with the Yoast SEO plugin v26.8 - https:\/\/yoast.com\/product\/yoast-seo-wordpress\/ -->\n<title>Plotanje, kopiranje i formatiranje nacrta \u0161irokog formata - PLOT-EX<\/title>\n<meta name=\"description\" content=\"Profesionalno plotanje, kopiranje i formatiranje nacrta \u0161irokog formata. Brza isporuka, vi\u0161e od 1000 uspje\u0161nih projekata.\" \/>\n<meta name=\"robots\" content=\"index, follow, max-snippet:-1, max-image-preview:large, max-video-preview:-1\" \/>\n<link rel=\"canonical\" href=\"https:\/\/plot-ex.hr\/sl\/\" \/>\n<meta property=\"og:locale\" content=\"sl_SI\" \/>\n<meta property=\"og:type\" content=\"article\" \/>\n<meta property=\"og:title\" content=\"Plotanje, kopiranje i formatiranje nacrta \u0161irokog formata - PLOT-EX\" \/>\n<meta property=\"og:description\" content=\"Profesionalno plotanje, kopiranje i formatiranje nacrta \u0161irokog formata. Brza isporuka, vi\u0161e od 1000 uspje\u0161nih projekata.\" \/>\n<meta property=\"og:url\" content=\"https:\/\/plot-ex.hr\/sl\/\" \/>\n<meta property=\"og:site_name\" content=\"PLOT-EX\" \/>\n<meta property=\"article:modified_time\" content=\"2025-10-31T19:55:32+00:00\" \/>\n<meta property=\"og:image\" content=\"https:\/\/plot-ex.hr\/wp-content\/uploads\/2025\/05\/plot-ex-contact-c.jpg\" \/>\n\t<meta property=\"og:image:width\" content=\"1024\" \/>\n\t<meta property=\"og:image:height\" content=\"1024\" \/>\n\t<meta property=\"og:image:type\" content=\"image\/jpeg\" \/>\n<meta name=\"twitter:card\" content=\"summary_large_image\" \/>\n<meta name=\"twitter:label1\" content=\"Est. reading time\" \/>\n\t<meta name=\"twitter:data1\" content=\"2 minuti\" \/>\n<script type=\"application\/ld+json\" class=\"yoast-schema-graph\">{\"@context\":\"https:\/\/schema.org\",\"@graph\":[{\"@type\":\"WebPage\",\"@id\":\"https:\/\/plot-ex.hr\/\",\"url\":\"https:\/\/plot-ex.hr\/\",\"name\":\"Plotanje, kopiranje i formatiranje nacrta \u0161irokog formata - PLOT-EX\",\"isPartOf\":{\"@id\":\"https:\/\/plot-ex.hr\/#website\"},\"primaryImageOfPage\":{\"@id\":\"https:\/\/plot-ex.hr\/#primaryimage\"},\"image\":{\"@id\":\"https:\/\/plot-ex.hr\/#primaryimage\"},\"thumbnailUrl\":\"https:\/\/plot-ex.hr\/wp-content\/uploads\/2025\/05\/plot-ex-contact-c.jpg\",\"datePublished\":\"2025-05-12T16:02:38+00:00\",\"dateModified\":\"2025-10-31T19:55:32+00:00\",\"description\":\"Profesionalno plotanje, kopiranje i formatiranje nacrta \u0161irokog formata. Brza isporuka, vi\u0161e od 1000 uspje\u0161nih projekata.\",\"breadcrumb\":{\"@id\":\"https:\/\/plot-ex.hr\/#breadcrumb\"},\"inLanguage\":\"sl-SI\",\"potentialAction\":[{\"@type\":\"ReadAction\",\"target\":[\"https:\/\/plot-ex.hr\/\"]}]},{\"@type\":\"ImageObject\",\"inLanguage\":\"sl-SI\",\"@id\":\"https:\/\/plot-ex.hr\/#primaryimage\",\"url\":\"https:\/\/plot-ex.hr\/wp-content\/uploads\/2025\/05\/plot-ex-contact-c.jpg\",\"contentUrl\":\"https:\/\/plot-ex.hr\/wp-content\/uploads\/2025\/05\/plot-ex-contact-c.jpg\",\"width\":1024,\"height\":1024},{\"@type\":\"BreadcrumbList\",\"@id\":\"https:\/\/plot-ex.hr\/#breadcrumb\",\"itemListElement\":[{\"@type\":\"ListItem\",\"position\":1,\"name\":\"Po\u010detna stranica\",\"item\":\"https:\/\/plot-ex.hr\/\"},{\"@type\":\"ListItem\",\"position\":2,\"name\":\"Plotanje, kopiranje i formatiranje nacrta \u0161irokog formata\"}]},{\"@type\":\"WebSite\",\"@id\":\"https:\/\/plot-ex.hr\/#website\",\"url\":\"https:\/\/plot-ex.hr\/\",\"name\":\"PLOT-EX\",\"description\":\"\",\"publisher\":{\"@id\":\"https:\/\/plot-ex.hr\/#organization\"},\"potentialAction\":[{\"@type\":\"SearchAction\",\"target\":{\"@type\":\"EntryPoint\",\"urlTemplate\":\"https:\/\/plot-ex.hr\/?s={search_term_string}\"},\"query-input\":{\"@type\":\"PropertyValueSpecification\",\"valueRequired\":true,\"valueName\":\"search_term_string\"}}],\"inLanguage\":\"sl-SI\"},{\"@type\":\"Organization\",\"@id\":\"https:\/\/plot-ex.hr\/#organization\",\"name\":\"PLOT-EX\",\"url\":\"https:\/\/plot-ex.hr\/\",\"logo\":{\"@type\":\"ImageObject\",\"inLanguage\":\"sl-SI\",\"@id\":\"https:\/\/plot-ex.hr\/#\/schema\/logo\/image\/\",\"url\":\"https:\/\/plot-ex.hr\/wp-content\/uploads\/2025\/05\/plot-ex-logo-blue-bg.svg\",\"contentUrl\":\"https:\/\/plot-ex.hr\/wp-content\/uploads\/2025\/05\/plot-ex-logo-blue-bg.svg\",\"caption\":\"PLOT-EX\"},\"image\":{\"@id\":\"https:\/\/plot-ex.hr\/#\/schema\/logo\/image\/\"}}]}<\/script>\n<!-- \/ Yoast SEO plugin. -->","yoast_head_json":{"title":"Risanje, kopiranje in oblikovanje risb velikega formata - PLOT-EX","description":"Profesionalno risanje, kopiranje in oblikovanje osnutkov velikega formata. Hitra dostava, ve\u010d kot 1000 uspe\u0161nih projektov.","robots":{"index":"index","follow":"follow","max-snippet":"max-snippet:-1","max-image-preview":"max-image-preview:large","max-video-preview":"max-video-preview:-1"},"canonical":"https:\/\/plot-ex.hr\/sl\/","og_locale":"sl_SI","og_type":"article","og_title":"Plotanje, kopiranje i formatiranje nacrta \u0161irokog formata - PLOT-EX","og_description":"Profesionalno plotanje, kopiranje i formatiranje nacrta \u0161irokog formata. Brza isporuka, vi\u0161e od 1000 uspje\u0161nih projekata.","og_url":"https:\/\/plot-ex.hr\/sl\/","og_site_name":"PLOT-EX","article_modified_time":"2025-10-31T19:55:32+00:00","og_image":[{"width":1024,"height":1024,"url":"https:\/\/plot-ex.hr\/wp-content\/uploads\/2025\/05\/plot-ex-contact-c.jpg","type":"image\/jpeg"}],"twitter_card":"summary_large_image","twitter_misc":{"Est. reading time":"2 minuti"},"schema":{"@context":"https:\/\/schema.org","@graph":[{"@type":"WebPage","@id":"https:\/\/plot-ex.hr\/","url":"https:\/\/plot-ex.hr\/","name":"Risanje, kopiranje in oblikovanje risb velikega formata - PLOT-EX","isPartOf":{"@id":"https:\/\/plot-ex.hr\/#website"},"primaryImageOfPage":{"@id":"https:\/\/plot-ex.hr\/#primaryimage"},"image":{"@id":"https:\/\/plot-ex.hr\/#primaryimage"},"thumbnailUrl":"https:\/\/plot-ex.hr\/wp-content\/uploads\/2025\/05\/plot-ex-contact-c.jpg","datePublished":"2025-05-12T16:02:38+00:00","dateModified":"2025-10-31T19:55:32+00:00","description":"Profesionalno risanje, kopiranje in oblikovanje osnutkov velikega formata. Hitra dostava, ve\u010d kot 1000 uspe\u0161nih projektov.","breadcrumb":{"@id":"https:\/\/plot-ex.hr\/#breadcrumb"},"inLanguage":"sl-SI","potentialAction":[{"@type":"ReadAction","target":["https:\/\/plot-ex.hr\/"]}]},{"@type":"ImageObject","inLanguage":"sl-SI","@id":"https:\/\/plot-ex.hr\/#primaryimage","url":"https:\/\/plot-ex.hr\/wp-content\/uploads\/2025\/05\/plot-ex-contact-c.jpg","contentUrl":"https:\/\/plot-ex.hr\/wp-content\/uploads\/2025\/05\/plot-ex-contact-c.jpg","width":1024,"height":1024},{"@type":"BreadcrumbList","@id":"https:\/\/plot-ex.hr\/#breadcrumb","itemListElement":[{"@type":"ListItem","position":1,"name":"Po\u010detna stranica","item":"https:\/\/plot-ex.hr\/"},{"@type":"ListItem","position":2,"name":"Plotanje, kopiranje i formatiranje nacrta \u0161irokog formata"}]},{"@type":"WebSite","@id":"https:\/\/plot-ex.hr\/#website","url":"https:\/\/plot-ex.hr\/","name":"PLOT-EX","description":"","publisher":{"@id":"https:\/\/plot-ex.hr\/#organization"},"potentialAction":[{"@type":"SearchAction","target":{"@type":"EntryPoint","urlTemplate":"https:\/\/plot-ex.hr\/?s={search_term_string}"},"query-input":{"@type":"PropertyValueSpecification","valueRequired":true,"valueName":"search_term_string"}}],"inLanguage":"sl-SI"},{"@type":"Organization","@id":"https:\/\/plot-ex.hr\/#organization","name":"PLOT-EX","url":"https:\/\/plot-ex.hr\/","logo":{"@type":"ImageObject","inLanguage":"sl-SI","@id":"https:\/\/plot-ex.hr\/#\/schema\/logo\/image\/","url":"https:\/\/plot-ex.hr\/wp-content\/uploads\/2025\/05\/plot-ex-logo-blue-bg.svg","contentUrl":"https:\/\/plot-ex.hr\/wp-content\/uploads\/2025\/05\/plot-ex-logo-blue-bg.svg","caption":"PLOT-EX"},"image":{"@id":"https:\/\/plot-ex.hr\/#\/schema\/logo\/image\/"}}]}},"_links":{"self":[{"href":"https:\/\/plot-ex.hr\/sl\/wp-json\/wp\/v2\/pages\/9","targetHints":{"allow":["GET"]}}],"collection":[{"href":"https:\/\/plot-ex.hr\/sl\/wp-json\/wp\/v2\/pages"}],"about":[{"href":"https:\/\/plot-ex.hr\/sl\/wp-json\/wp\/v2\/types\/page"}],"author":[{"embeddable":true,"href":"https:\/\/plot-ex.hr\/sl\/wp-json\/wp\/v2\/users\/1"}],"replies":[{"embeddable":true,"href":"https:\/\/plot-ex.hr\/sl\/wp-json\/wp\/v2\/comments?post=9"}],"version-history":[{"count":321,"href":"https:\/\/plot-ex.hr\/sl\/wp-json\/wp\/v2\/pages\/9\/revisions"}],"predecessor-version":[{"id":1079,"href":"https:\/\/plot-ex.hr\/sl\/wp-json\/wp\/v2\/pages\/9\/revisions\/1079"}],"wp:featuredmedia":[{"embeddable":true,"href":"https:\/\/plot-ex.hr\/sl\/wp-json\/wp\/v2\/media\/711"}],"wp:attachment":[{"href":"https:\/\/plot-ex.hr\/sl\/wp-json\/wp\/v2\/media?parent=9"}],"curies":[{"name":"delovni list","href":"https:\/\/api.w.org\/{rel}","templated":true}]}}